{"id":1522,"date":"2025-02-14T08:47:35","date_gmt":"2025-02-14T08:47:35","guid":{"rendered":"https:\/\/www.carrytableware.com\/es\/?post_type=product&#038;p=1522"},"modified":"2025-03-18T10:20:41","modified_gmt":"2025-03-18T10:20:41","slug":"bamboo-skewer","status":"publish","type":"product","link":"https:\/\/www.carrytableware.com\/es\/blog\/product\/bamboo-skewer\/","title":{"rendered":"Brocheta de bamb\u00fa"},"content":{"rendered":"<p>Brocheta de bamb\u00fa<br \/>\nAplicaci\u00f3n: Barbacoa dom\u00e9stica, pub, restaurante, charcuter\u00eda, buf\u00e9<br \/>\nMaterial: 100 % bamb\u00fa natural<br \/>\nColor: Natural o marr\u00f3n carbonizado<br \/>\nTama\u00f1o: 2,5 x 200 mm, 3,0 x 200 mm, 3,5 x 200 mm, 4,0 x 250 mm, 5,0 x 300 mm o personalizado<br \/>\nCaracter\u00edsticas: Ecol\u00f3gico y compostable<br \/>\nPeso: Seg\u00fan el tama\u00f1o<br \/>\nDisponible en OEM\/ODM<br \/>\nPeso m\u00ednimo: 100 000 unidades<br \/>\nPlazo de entrega: 30-40 d\u00edas<br \/>\nConsejos: De un solo uso, 100 % ecol\u00f3gico y biodegradable.<\/p>\n","protected":false},"excerpt":{"rendered":"<p>Brocheta de bamb\u00fa Aplicaci\u00f3n: Barbacoa dom\u00e9stica, pub, restaurante, charcuter\u00eda, buf\u00e9 Material: 100 % bamb\u00fa natural Color: Natural o marr\u00f3n carbonizado Tama\u00f1o: 2,5 x 200 mm, 3,0 x 200 mm, 3,5 x 200 mm, 4,0 x 250 mm, 5,0 x 300 mm o personalizado Caracter\u00edsticas: Ecol\u00f3gico y compostable Peso: Seg\u00fan el tama\u00f1o Disponible en OEM\/ODM Peso [&hellip;]<\/p>\n","protected":false},"featured_media":2146,"template":"","meta":{"_acf_changed":false},"product-category":[23],"class_list":["post-1522","product","type-product","status-publish","has-post-thumbnail","hentry","product-category-pincho-de-bambu"],"acf":[],"_links":{"self":[{"href":"https:\/\/www.carrytableware.com\/es\/wp-json\/wp\/v2\/product\/1522","targetHints":{"allow":["GET"]}}],"collection":[{"href":"https:\/\/www.carrytableware.com\/es\/wp-json\/wp\/v2\/product"}],"about":[{"href":"https:\/\/www.carrytableware.com\/es\/wp-json\/wp\/v2\/types\/product"}],"wp:featuredmedia":[{"embeddable":true,"href":"https:\/\/www.carrytableware.com\/es\/wp-json\/wp\/v2\/media\/2146"}],"wp:attachment":[{"href":"https:\/\/www.carrytableware.com\/es\/wp-json\/wp\/v2\/media?parent=1522"}],"wp:term":[{"taxonomy":"product-category","embeddable":true,"href":"https:\/\/www.carrytableware.com\/es\/wp-json\/wp\/v2\/product-category?post=1522"}],"curies":[{"name":"wp","href":"https:\/\/api.w.org\/{rel}","templated":true}]}}