{"id":1594,"date":"2025-02-16T03:12:09","date_gmt":"2025-02-16T03:12:09","guid":{"rendered":"https:\/\/www.carrytableware.com\/es\/?post_type=product&#038;p=1594"},"modified":"2025-03-18T10:19:29","modified_gmt":"2025-03-18T10:19:29","slug":"bamboo-toothpicks-in-bottles","status":"publish","type":"product","link":"https:\/\/www.carrytableware.com\/es\/blog\/product\/bamboo-toothpicks-in-bottles\/","title":{"rendered":"Palillos de bamb\u00fa en botella"},"content":{"rendered":"<p>Palillo de dientes de bamb\u00fa<br \/>\nUso: Hogar, pub, restaurante, charcuter\u00eda, hotel<br \/>\nMaterial: bamb\u00fa o madera<br \/>\nColor: natural<br \/>\nTama\u00f1o: 6,5 cm x 2,0 mm, 6,5 cm x 1,8 mm o personalizado<br \/>\nEmbalaje: a granel\/OPP\/envuelto en papel<br \/>\nCaracter\u00edsticas: ecol\u00f3gico, compostable<br \/>\nPeso: seg\u00fan el tama\u00f1o<br \/>\nOEM\/ODM disponible<br \/>\nPeso m\u00ednimo: 100\u00a0000 unidades<br \/>\nPlazo de entrega: 30-40 d\u00edas<br \/>\nConsejos: de un solo uso, 100\u00a0% ecol\u00f3gico y biodegradable.<\/p>\n","protected":false},"excerpt":{"rendered":"<p>Palillo de dientes de bamb\u00fa Uso: Hogar, pub, restaurante, charcuter\u00eda, hotel Material: bamb\u00fa o madera Color: natural Tama\u00f1o: 6,5 cm x 2,0 mm, 6,5 cm x 1,8 mm o personalizado Embalaje: a granel\/OPP\/envuelto en papel Caracter\u00edsticas: ecol\u00f3gico, compostable Peso: seg\u00fan el tama\u00f1o OEM\/ODM disponible Peso m\u00ednimo: 100\u00a0000 unidades Plazo de entrega: 30-40 d\u00edas Consejos: de [&hellip;]<\/p>\n","protected":false},"featured_media":2129,"template":"","meta":{"_acf_changed":false},"product-category":[24],"class_list":["post-1594","product","type-product","status-publish","has-post-thumbnail","hentry","product-category-palillo-de-dientes"],"acf":[],"_links":{"self":[{"href":"https:\/\/www.carrytableware.com\/es\/wp-json\/wp\/v2\/product\/1594","targetHints":{"allow":["GET"]}}],"collection":[{"href":"https:\/\/www.carrytableware.com\/es\/wp-json\/wp\/v2\/product"}],"about":[{"href":"https:\/\/www.carrytableware.com\/es\/wp-json\/wp\/v2\/types\/product"}],"wp:featuredmedia":[{"embeddable":true,"href":"https:\/\/www.carrytableware.com\/es\/wp-json\/wp\/v2\/media\/2129"}],"wp:attachment":[{"href":"https:\/\/www.carrytableware.com\/es\/wp-json\/wp\/v2\/media?parent=1594"}],"wp:term":[{"taxonomy":"product-category","embeddable":true,"href":"https:\/\/www.carrytableware.com\/es\/wp-json\/wp\/v2\/product-category?post=1594"}],"curies":[{"name":"wp","href":"https:\/\/api.w.org\/{rel}","templated":true}]}}