{"id":1627,"date":"2025-02-17T09:58:21","date_gmt":"2025-02-17T09:58:21","guid":{"rendered":"https:\/\/www.carrytableware.com\/es\/?post_type=product&#038;p=1627"},"modified":"2025-03-18T10:16:23","modified_gmt":"2025-03-18T10:16:23","slug":"bamboo-tensoge-chopsticks","status":"publish","type":"product","link":"https:\/\/www.carrytableware.com\/es\/blog\/product\/bamboo-tensoge-chopsticks\/","title":{"rendered":"Palillos de bamb\u00fa Tensoge"},"content":{"rendered":"<p>Palillos de bamb\u00fa Tensoge<br \/>\nUso: Hogar, pub, restaurante, charcuter\u00eda, hotel<br \/>\nMaterial: bamb\u00fa Mao<br \/>\nColor: natural<br \/>\nTama\u00f1o: 4,5\/5,0\/5,5\/6,0 mm de di\u00e1metro y 21 cm de largo, o personalizado<br \/>\nEmbalaje: a granel\/OPP\/envuelto en papel<br \/>\nCaracter\u00edsticas: ecol\u00f3gico y compostable<br \/>\nPeso: seg\u00fan el tama\u00f1o<br \/>\nDisponible en OEM\/ODM<br \/>\nPeso m\u00ednimo: 100.000 unidades<br \/>\nPlazo de entrega: 30-40 d\u00edas<br \/>\nConsejos: de un solo uso, 100 % ecol\u00f3gico y biodegradable.<\/p>\n","protected":false},"excerpt":{"rendered":"<p>Palillos de bamb\u00fa Tensoge Uso: Hogar, pub, restaurante, charcuter\u00eda, hotel Material: bamb\u00fa Mao Color: natural Tama\u00f1o: 4,5\/5,0\/5,5\/6,0 mm de di\u00e1metro y 21 cm de largo, o personalizado Embalaje: a granel\/OPP\/envuelto en papel Caracter\u00edsticas: ecol\u00f3gico y compostable Peso: seg\u00fan el tama\u00f1o Disponible en OEM\/ODM Peso m\u00ednimo: 100.000 unidades Plazo de entrega: 30-40 d\u00edas Consejos: de un [&hellip;]<\/p>\n","protected":false},"featured_media":2117,"template":"","meta":{"_acf_changed":false},"product-category":[28],"class_list":["post-1627","product","type-product","status-publish","has-post-thumbnail","hentry","product-category-cubiertos-de-bambu"],"acf":[],"_links":{"self":[{"href":"https:\/\/www.carrytableware.com\/es\/wp-json\/wp\/v2\/product\/1627","targetHints":{"allow":["GET"]}}],"collection":[{"href":"https:\/\/www.carrytableware.com\/es\/wp-json\/wp\/v2\/product"}],"about":[{"href":"https:\/\/www.carrytableware.com\/es\/wp-json\/wp\/v2\/types\/product"}],"wp:featuredmedia":[{"embeddable":true,"href":"https:\/\/www.carrytableware.com\/es\/wp-json\/wp\/v2\/media\/2117"}],"wp:attachment":[{"href":"https:\/\/www.carrytableware.com\/es\/wp-json\/wp\/v2\/media?parent=1627"}],"wp:term":[{"taxonomy":"product-category","embeddable":true,"href":"https:\/\/www.carrytableware.com\/es\/wp-json\/wp\/v2\/product-category?post=1627"}],"curies":[{"name":"wp","href":"https:\/\/api.w.org\/{rel}","templated":true}]}}