{"id":1632,"date":"2025-02-17T10:05:03","date_gmt":"2025-02-17T10:05:03","guid":{"rendered":"https:\/\/www.carrytableware.com\/es\/?post_type=product&#038;p=1632"},"modified":"2025-03-18T10:14:59","modified_gmt":"2025-03-18T10:14:59","slug":"bamboo-fruit-fork","status":"publish","type":"product","link":"https:\/\/www.carrytableware.com\/es\/blog\/product\/bamboo-fruit-fork\/","title":{"rendered":"Tenedor de fruta de bamb\u00fa"},"content":{"rendered":"<p>Tenedor de fruta de bamb\u00fa<br \/>\nUso: Hogar, pub, restaurante, charcuter\u00eda, hotel<br \/>\nMaterial: bamb\u00fa Mao<br \/>\nColor: natural<br \/>\nTama\u00f1o: 9\/10 cm de largo o personalizado<br \/>\nEmbalaje: a granel\/OPP\/envuelto en papel<br \/>\nCaracter\u00edsticas: ecol\u00f3gico y compostable<br \/>\nPeso: seg\u00fan el tama\u00f1o<br \/>\nOEM\/ODM disponible<br \/>\nPeso m\u00ednimo: 100\u00a0000 unidades<br \/>\nPlazo de entrega: 30-40 d\u00edas<br \/>\nConsejos: de un solo uso, 100\u00a0% ecol\u00f3gico y biodegradable.<\/p>\n","protected":false},"excerpt":{"rendered":"<p>Tenedor de fruta de bamb\u00fa Uso: Hogar, pub, restaurante, charcuter\u00eda, hotel Material: bamb\u00fa Mao Color: natural Tama\u00f1o: 9\/10 cm de largo o personalizado Embalaje: a granel\/OPP\/envuelto en papel Caracter\u00edsticas: ecol\u00f3gico y compostable Peso: seg\u00fan el tama\u00f1o OEM\/ODM disponible Peso m\u00ednimo: 100\u00a0000 unidades Plazo de entrega: 30-40 d\u00edas Consejos: de un solo uso, 100\u00a0% ecol\u00f3gico y [&hellip;]<\/p>\n","protected":false},"featured_media":2111,"template":"","meta":{"_acf_changed":false},"product-category":[28],"class_list":["post-1632","product","type-product","status-publish","has-post-thumbnail","hentry","product-category-cubiertos-de-bambu"],"acf":[],"_links":{"self":[{"href":"https:\/\/www.carrytableware.com\/es\/wp-json\/wp\/v2\/product\/1632","targetHints":{"allow":["GET"]}}],"collection":[{"href":"https:\/\/www.carrytableware.com\/es\/wp-json\/wp\/v2\/product"}],"about":[{"href":"https:\/\/www.carrytableware.com\/es\/wp-json\/wp\/v2\/types\/product"}],"wp:featuredmedia":[{"embeddable":true,"href":"https:\/\/www.carrytableware.com\/es\/wp-json\/wp\/v2\/media\/2111"}],"wp:attachment":[{"href":"https:\/\/www.carrytableware.com\/es\/wp-json\/wp\/v2\/media?parent=1632"}],"wp:term":[{"taxonomy":"product-category","embeddable":true,"href":"https:\/\/www.carrytableware.com\/es\/wp-json\/wp\/v2\/product-category?post=1632"}],"curies":[{"name":"wp","href":"https:\/\/api.w.org\/{rel}","templated":true}]}}