{"id":1635,"date":"2025-02-17T10:08:02","date_gmt":"2025-02-17T10:08:02","guid":{"rendered":"https:\/\/www.carrytableware.com\/es\/?post_type=product&#038;p=1635"},"modified":"2025-03-18T10:14:20","modified_gmt":"2025-03-18T10:14:20","slug":"bamboo-fork","status":"publish","type":"product","link":"https:\/\/www.carrytableware.com\/es\/blog\/product\/bamboo-fork\/","title":{"rendered":"Tenedor de bamb\u00fa"},"content":{"rendered":"<p>Cubiertos de bamb\u00fa<br \/>\nUso: Restaurantes, charcuter\u00edas, cadenas de comida r\u00e1pida<br \/>\nMaterial: 100 % bamb\u00fa natural<br \/>\nColor: Marr\u00f3n carbonizado o natural<br \/>\nTama\u00f1o: 17 cm o personalizado<br \/>\nCaracter\u00edsticas: Ecol\u00f3gico, compostable<br \/>\nPeso: Seg\u00fan el tama\u00f1o<br \/>\nDisponible OEM\/ODM<br \/>\nPeso m\u00ednimo: 10 000 unidades<br \/>\nPlazo de entrega: 30-40 d\u00edas<br \/>\nConsejos: De un solo uso, 100 % ecol\u00f3gico y biodegradable.<\/p>\n","protected":false},"excerpt":{"rendered":"<p>Cubiertos de bamb\u00fa Uso: Restaurantes, charcuter\u00edas, cadenas de comida r\u00e1pida Material: 100 % bamb\u00fa natural Color: Marr\u00f3n carbonizado o natural Tama\u00f1o: 17 cm o personalizado Caracter\u00edsticas: Ecol\u00f3gico, compostable Peso: Seg\u00fan el tama\u00f1o Disponible OEM\/ODM Peso m\u00ednimo: 10 000 unidades Plazo de entrega: 30-40 d\u00edas Consejos: De un solo uso, 100 % ecol\u00f3gico y biodegradable.<\/p>\n","protected":false},"featured_media":1920,"template":"","meta":{"_acf_changed":false},"product-category":[28],"class_list":["post-1635","product","type-product","status-publish","has-post-thumbnail","hentry","product-category-cubiertos-de-bambu"],"acf":[],"_links":{"self":[{"href":"https:\/\/www.carrytableware.com\/es\/wp-json\/wp\/v2\/product\/1635","targetHints":{"allow":["GET"]}}],"collection":[{"href":"https:\/\/www.carrytableware.com\/es\/wp-json\/wp\/v2\/product"}],"about":[{"href":"https:\/\/www.carrytableware.com\/es\/wp-json\/wp\/v2\/types\/product"}],"wp:featuredmedia":[{"embeddable":true,"href":"https:\/\/www.carrytableware.com\/es\/wp-json\/wp\/v2\/media\/1920"}],"wp:attachment":[{"href":"https:\/\/www.carrytableware.com\/es\/wp-json\/wp\/v2\/media?parent=1635"}],"wp:term":[{"taxonomy":"product-category","embeddable":true,"href":"https:\/\/www.carrytableware.com\/es\/wp-json\/wp\/v2\/product-category?post=1635"}],"curies":[{"name":"wp","href":"https:\/\/api.w.org\/{rel}","templated":true}]}}