{"id":1644,"date":"2025-02-17T10:26:05","date_gmt":"2025-02-17T10:26:05","guid":{"rendered":"https:\/\/www.carrytableware.com\/es\/?post_type=product&#038;p=1644"},"modified":"2025-03-18T10:12:39","modified_gmt":"2025-03-18T10:12:39","slug":"bamboo-cutlery-set","status":"publish","type":"product","link":"https:\/\/www.carrytableware.com\/es\/blog\/product\/bamboo-cutlery-set\/","title":{"rendered":"Juego de cubiertos de bamb\u00fa"},"content":{"rendered":"<p>Juego de cubiertos de bamb\u00fa<br \/>\nIdeal para restaurantes, charcuter\u00edas y cadenas de comida r\u00e1pida<br \/>\nMaterial: 100 % bamb\u00fa natural<br \/>\nColor: natural<br \/>\nTama\u00f1o: 17 cm<br \/>\nCaracter\u00edsticas: ecol\u00f3gico y compostable<br \/>\nPeso: seg\u00fan el tama\u00f1o<br \/>\nOEM\/ODM disponible<br \/>\nPeso m\u00ednimo: 2000 USD<br \/>\nPlazo de entrega: 30-40 d\u00edas<br \/>\nConsejos: de un solo uso, 100 % ecol\u00f3gico y biodegradable.<\/p>\n<p>&nbsp;<\/p>\n","protected":false},"excerpt":{"rendered":"<p>Juego de cubiertos de bamb\u00fa Ideal para restaurantes, charcuter\u00edas y cadenas de comida r\u00e1pida Material: 100 % bamb\u00fa natural Color: natural Tama\u00f1o: 17 cm Caracter\u00edsticas: ecol\u00f3gico y compostable Peso: seg\u00fan el tama\u00f1o OEM\/ODM disponible Peso m\u00ednimo: 2000 USD Plazo de entrega: 30-40 d\u00edas Consejos: de un solo uso, 100 % ecol\u00f3gico y biodegradable. &nbsp;<\/p>\n","protected":false},"featured_media":2104,"template":"","meta":{"_acf_changed":false},"product-category":[28],"class_list":["post-1644","product","type-product","status-publish","has-post-thumbnail","hentry","product-category-cubiertos-de-bambu"],"acf":[],"_links":{"self":[{"href":"https:\/\/www.carrytableware.com\/es\/wp-json\/wp\/v2\/product\/1644","targetHints":{"allow":["GET"]}}],"collection":[{"href":"https:\/\/www.carrytableware.com\/es\/wp-json\/wp\/v2\/product"}],"about":[{"href":"https:\/\/www.carrytableware.com\/es\/wp-json\/wp\/v2\/types\/product"}],"wp:featuredmedia":[{"embeddable":true,"href":"https:\/\/www.carrytableware.com\/es\/wp-json\/wp\/v2\/media\/2104"}],"wp:attachment":[{"href":"https:\/\/www.carrytableware.com\/es\/wp-json\/wp\/v2\/media?parent=1644"}],"wp:term":[{"taxonomy":"product-category","embeddable":true,"href":"https:\/\/www.carrytableware.com\/es\/wp-json\/wp\/v2\/product-category?post=1644"}],"curies":[{"name":"wp","href":"https:\/\/api.w.org\/{rel}","templated":true}]}}