{"id":1657,"date":"2025-02-17T10:38:26","date_gmt":"2025-02-17T10:38:26","guid":{"rendered":"https:\/\/www.carrytableware.com\/es\/?post_type=product&#038;p=1657"},"modified":"2025-03-18T10:10:37","modified_gmt":"2025-03-18T10:10:37","slug":"bamboo-scissors-skewers","status":"publish","type":"product","link":"https:\/\/www.carrytableware.com\/es\/blog\/product\/bamboo-scissors-skewers\/","title":{"rendered":"Brocheta de tijeras de bamb\u00fa"},"content":{"rendered":"<p>Tijeras de bamb\u00fa para pinchos<br \/>\nUso: Hogar, pub, restaurante, charcuter\u00eda, hotel<br \/>\nMaterial: bamb\u00fa<br \/>\nColor: natural\/negro\/rojo<br \/>\nTama\u00f1o: 9\/12\/15\/18 cm de largo o personalizado<br \/>\nEmbalaje: a granel<br \/>\nCaracter\u00edsticas: ecol\u00f3gico y compostable<br \/>\nPeso: seg\u00fan el tama\u00f1o<br \/>\nDisponible con OEM\/ODM<br \/>\nPeso m\u00ednimo: 100\u00a0000 unidades<br \/>\nPlazo de entrega: 30-40 d\u00edas<br \/>\nConsejos: de un solo uso, 100\u00a0% ecol\u00f3gico y biodegradable.<\/p>\n","protected":false},"excerpt":{"rendered":"<p>Tijeras de bamb\u00fa para pinchos Uso: Hogar, pub, restaurante, charcuter\u00eda, hotel Material: bamb\u00fa Color: natural\/negro\/rojo Tama\u00f1o: 9\/12\/15\/18 cm de largo o personalizado Embalaje: a granel Caracter\u00edsticas: ecol\u00f3gico y compostable Peso: seg\u00fan el tama\u00f1o Disponible con OEM\/ODM Peso m\u00ednimo: 100\u00a0000 unidades Plazo de entrega: 30-40 d\u00edas Consejos: de un solo uso, 100\u00a0% ecol\u00f3gico y biodegradable.<\/p>\n","protected":false},"featured_media":2089,"template":"","meta":{"_acf_changed":false},"product-category":[29],"class_list":["post-1657","product","type-product","status-publish","has-post-thumbnail","hentry","product-category-picos-de-bambu-para-cocteles"],"acf":[],"_links":{"self":[{"href":"https:\/\/www.carrytableware.com\/es\/wp-json\/wp\/v2\/product\/1657","targetHints":{"allow":["GET"]}}],"collection":[{"href":"https:\/\/www.carrytableware.com\/es\/wp-json\/wp\/v2\/product"}],"about":[{"href":"https:\/\/www.carrytableware.com\/es\/wp-json\/wp\/v2\/types\/product"}],"wp:featuredmedia":[{"embeddable":true,"href":"https:\/\/www.carrytableware.com\/es\/wp-json\/wp\/v2\/media\/2089"}],"wp:attachment":[{"href":"https:\/\/www.carrytableware.com\/es\/wp-json\/wp\/v2\/media?parent=1657"}],"wp:term":[{"taxonomy":"product-category","embeddable":true,"href":"https:\/\/www.carrytableware.com\/es\/wp-json\/wp\/v2\/product-category?post=1657"}],"curies":[{"name":"wp","href":"https:\/\/api.w.org\/{rel}","templated":true}]}}