{"id":1667,"date":"2025-02-17T10:57:44","date_gmt":"2025-02-17T10:57:44","guid":{"rendered":"https:\/\/www.carrytableware.com\/es\/?post_type=product&#038;p=1667"},"modified":"2025-03-18T10:04:09","modified_gmt":"2025-03-18T10:04:09","slug":"bamboo-cocktail-picks","status":"publish","type":"product","link":"https:\/\/www.carrytableware.com\/es\/blog\/product\/bamboo-cocktail-picks\/","title":{"rendered":"Palillo de c\u00f3ctel de bamb\u00fa"},"content":{"rendered":"<p>Palillo de bamb\u00fa para c\u00f3cteles<br \/>\nUso: Hogar, pub, restaurante, charcuter\u00eda, hotel<br \/>\nMaterial: bamb\u00fa<br \/>\nColor: natural<br \/>\nTama\u00f1o: 2,0 x 70 mm, 2,0 x 90 mm, 2,0 x 100 mm, 2,0 x 120 mm, 3,0 x 120 mm o personalizado<br \/>\nEmbalaje: OPP<br \/>\nCaracter\u00edsticas: ecol\u00f3gico y compostable<br \/>\nPeso: seg\u00fan el tama\u00f1o<br \/>\nDisponible con OEM\/ODM<br \/>\nPeso m\u00ednimo: 100\u00a0000 unidades<br \/>\nPlazo de entrega: 30-40 d\u00edas<br \/>\nConsejos: de un solo uso, 100\u00a0% ecol\u00f3gico y biodegradable.<\/p>\n","protected":false},"excerpt":{"rendered":"<p>Palillo de bamb\u00fa para c\u00f3cteles Uso: Hogar, pub, restaurante, charcuter\u00eda, hotel Material: bamb\u00fa Color: natural Tama\u00f1o: 2,0 x 70 mm, 2,0 x 90 mm, 2,0 x 100 mm, 2,0 x 120 mm, 3,0 x 120 mm o personalizado Embalaje: OPP Caracter\u00edsticas: ecol\u00f3gico y compostable Peso: seg\u00fan el tama\u00f1o Disponible con OEM\/ODM Peso m\u00ednimo: 100\u00a0000 unidades [&hellip;]<\/p>\n","protected":false},"featured_media":2071,"template":"","meta":{"_acf_changed":false},"product-category":[29],"class_list":["post-1667","product","type-product","status-publish","has-post-thumbnail","hentry","product-category-picos-de-bambu-para-cocteles"],"acf":[],"_links":{"self":[{"href":"https:\/\/www.carrytableware.com\/es\/wp-json\/wp\/v2\/product\/1667","targetHints":{"allow":["GET"]}}],"collection":[{"href":"https:\/\/www.carrytableware.com\/es\/wp-json\/wp\/v2\/product"}],"about":[{"href":"https:\/\/www.carrytableware.com\/es\/wp-json\/wp\/v2\/types\/product"}],"wp:featuredmedia":[{"embeddable":true,"href":"https:\/\/www.carrytableware.com\/es\/wp-json\/wp\/v2\/media\/2071"}],"wp:attachment":[{"href":"https:\/\/www.carrytableware.com\/es\/wp-json\/wp\/v2\/media?parent=1667"}],"wp:term":[{"taxonomy":"product-category","embeddable":true,"href":"https:\/\/www.carrytableware.com\/es\/wp-json\/wp\/v2\/product-category?post=1667"}],"curies":[{"name":"wp","href":"https:\/\/api.w.org\/{rel}","templated":true}]}}