{"id":1683,"date":"2025-02-17T11:10:29","date_gmt":"2025-02-17T11:10:29","guid":{"rendered":"https:\/\/www.carrytableware.com\/es\/?post_type=product&#038;p=1683"},"modified":"2025-03-18T10:02:17","modified_gmt":"2025-03-18T10:02:17","slug":"bamboo-ice-cream-sticks","status":"publish","type":"product","link":"https:\/\/www.carrytableware.com\/es\/blog\/product\/bamboo-ice-cream-sticks\/","title":{"rendered":"Palito de helado de bamb\u00fa"},"content":{"rendered":"<p>Palitos de helado de bamb\u00fa<br \/>\nUso: Hogar, pub, restaurante, charcuter\u00eda, hotel<br \/>\nMaterial: bamb\u00fa<br \/>\nColor: natural<br \/>\nTama\u00f1o: 93 mm x 10 mm x 2 mm\/114 mm x 10 mm x 2 mm. Se pueden personalizar otros tama\u00f1os. Se acepta personalizaci\u00f3n de logotipo.<br \/>\nEmbalaje: OPP<br \/>\nCaracter\u00edsticas: ecol\u00f3gico y compostable<br \/>\nPeso: seg\u00fan el tama\u00f1o<br \/>\nDisponible en OEM\/ODM<br \/>\nPeso m\u00ednimo: 100 000 unidades<br \/>\nPlazo de entrega: 30-40 d\u00edas<br \/>\nConsejos: de un solo uso, 100 % ecol\u00f3gico y biodegradable.<\/p>\n","protected":false},"excerpt":{"rendered":"<p>Palitos de helado de bamb\u00fa Uso: Hogar, pub, restaurante, charcuter\u00eda, hotel Material: bamb\u00fa Color: natural Tama\u00f1o: 93 mm x 10 mm x 2 mm\/114 mm x 10 mm x 2 mm. Se pueden personalizar otros tama\u00f1os. Se acepta personalizaci\u00f3n de logotipo. Embalaje: OPP Caracter\u00edsticas: ecol\u00f3gico y compostable Peso: seg\u00fan el tama\u00f1o Disponible en OEM\/ODM Peso [&hellip;]<\/p>\n","protected":false},"featured_media":2063,"template":"","meta":{"_acf_changed":false},"product-category":[30],"class_list":["post-1683","product","type-product","status-publish","has-post-thumbnail","hentry","product-category-otros"],"acf":[],"_links":{"self":[{"href":"https:\/\/www.carrytableware.com\/es\/wp-json\/wp\/v2\/product\/1683","targetHints":{"allow":["GET"]}}],"collection":[{"href":"https:\/\/www.carrytableware.com\/es\/wp-json\/wp\/v2\/product"}],"about":[{"href":"https:\/\/www.carrytableware.com\/es\/wp-json\/wp\/v2\/types\/product"}],"wp:featuredmedia":[{"embeddable":true,"href":"https:\/\/www.carrytableware.com\/es\/wp-json\/wp\/v2\/media\/2063"}],"wp:attachment":[{"href":"https:\/\/www.carrytableware.com\/es\/wp-json\/wp\/v2\/media?parent=1683"}],"wp:term":[{"taxonomy":"product-category","embeddable":true,"href":"https:\/\/www.carrytableware.com\/es\/wp-json\/wp\/v2\/product-category?post=1683"}],"curies":[{"name":"wp","href":"https:\/\/api.w.org\/{rel}","templated":true}]}}