{"id":1689,"date":"2025-02-17T11:12:33","date_gmt":"2025-02-17T11:12:33","guid":{"rendered":"https:\/\/www.carrytableware.com\/es\/?post_type=product&#038;p=1689"},"modified":"2025-03-18T10:01:41","modified_gmt":"2025-03-18T10:01:41","slug":"bamboo-sushi-tongs","status":"publish","type":"product","link":"https:\/\/www.carrytableware.com\/es\/blog\/product\/bamboo-sushi-tongs\/","title":{"rendered":"Pinzas de bamb\u00fa para sushi"},"content":{"rendered":"<p>Pinzas de bamb\u00fa para sushi<br \/>\nUso: Hogar, pub, restaurante, charcuter\u00eda, hotel<br \/>\nMaterial: bamb\u00fa<br \/>\nColor: natural<br \/>\nTama\u00f1o: 8 cm\/10 cm o personalizado<br \/>\nEmbalaje: OPP\/caja<br \/>\nCaracter\u00edsticas: ecol\u00f3gicas y compostables<br \/>\nPeso: seg\u00fan el tama\u00f1o<br \/>\nDisponibles para OEM\/ODM<br \/>\nPeso m\u00ednimo: 100\u00a0000 unidades<br \/>\nPlazo de entrega: 30-40 d\u00edas<br \/>\nConsejos: de un solo uso, 100\u00a0% ecol\u00f3gicas y biodegradables.<\/p>\n","protected":false},"excerpt":{"rendered":"<p>Pinzas de bamb\u00fa para sushi Uso: Hogar, pub, restaurante, charcuter\u00eda, hotel Material: bamb\u00fa Color: natural Tama\u00f1o: 8 cm\/10 cm o personalizado Embalaje: OPP\/caja Caracter\u00edsticas: ecol\u00f3gicas y compostables Peso: seg\u00fan el tama\u00f1o Disponibles para OEM\/ODM Peso m\u00ednimo: 100\u00a0000 unidades Plazo de entrega: 30-40 d\u00edas Consejos: de un solo uso, 100\u00a0% ecol\u00f3gicas y biodegradables.<\/p>\n","protected":false},"featured_media":2057,"template":"","meta":{"_acf_changed":false},"product-category":[30],"class_list":["post-1689","product","type-product","status-publish","has-post-thumbnail","hentry","product-category-otros"],"acf":[],"_links":{"self":[{"href":"https:\/\/www.carrytableware.com\/es\/wp-json\/wp\/v2\/product\/1689","targetHints":{"allow":["GET"]}}],"collection":[{"href":"https:\/\/www.carrytableware.com\/es\/wp-json\/wp\/v2\/product"}],"about":[{"href":"https:\/\/www.carrytableware.com\/es\/wp-json\/wp\/v2\/types\/product"}],"wp:featuredmedia":[{"embeddable":true,"href":"https:\/\/www.carrytableware.com\/es\/wp-json\/wp\/v2\/media\/2057"}],"wp:attachment":[{"href":"https:\/\/www.carrytableware.com\/es\/wp-json\/wp\/v2\/media?parent=1689"}],"wp:term":[{"taxonomy":"product-category","embeddable":true,"href":"https:\/\/www.carrytableware.com\/es\/wp-json\/wp\/v2\/product-category?post=1689"}],"curies":[{"name":"wp","href":"https:\/\/api.w.org\/{rel}","templated":true}]}}