{"id":1693,"date":"2025-02-17T11:15:25","date_gmt":"2025-02-17T11:15:25","guid":{"rendered":"https:\/\/www.carrytableware.com\/es\/?post_type=product&#038;p=1693"},"modified":"2025-03-18T10:00:48","modified_gmt":"2025-03-18T10:00:48","slug":"bamboo-straw","status":"publish","type":"product","link":"https:\/\/www.carrytableware.com\/es\/blog\/product\/bamboo-straw\/","title":{"rendered":"Paja de bamb\u00fa"},"content":{"rendered":"<p>Pajita de bamb\u00fa<br \/>\nUso: Hogar, pub, restaurante, charcuter\u00eda, hotel<br \/>\nMaterial: bamb\u00fa<br \/>\nColor: natural<br \/>\nTama\u00f1o: 10 x 220 mm, 9 x 200 mm, 8 x 200 mm, 6 x 200 mm o personalizaci\u00f3n con logotipo.<br \/>\nEmbalaje: OPP<br \/>\nCaracter\u00edsticas: ecol\u00f3gico y compostable<br \/>\nPeso: seg\u00fan el tama\u00f1o<br \/>\nOEM\/ODM disponible<br \/>\nPeso m\u00ednimo: 100\u00a0000 unidades<br \/>\nPlazo de entrega: 30-40 d\u00edas<br \/>\nConsejos: de un solo uso, 100\u00a0% ecol\u00f3gico y biodegradable.<\/p>\n","protected":false},"excerpt":{"rendered":"<p>Pajita de bamb\u00fa Uso: Hogar, pub, restaurante, charcuter\u00eda, hotel Material: bamb\u00fa Color: natural Tama\u00f1o: 10 x 220 mm, 9 x 200 mm, 8 x 200 mm, 6 x 200 mm o personalizaci\u00f3n con logotipo. Embalaje: OPP Caracter\u00edsticas: ecol\u00f3gico y compostable Peso: seg\u00fan el tama\u00f1o OEM\/ODM disponible Peso m\u00ednimo: 100\u00a0000 unidades Plazo de entrega: 30-40 d\u00edas [&hellip;]<\/p>\n","protected":false},"featured_media":2055,"template":"","meta":{"_acf_changed":false},"product-category":[30],"class_list":["post-1693","product","type-product","status-publish","has-post-thumbnail","hentry","product-category-otros"],"acf":[],"_links":{"self":[{"href":"https:\/\/www.carrytableware.com\/es\/wp-json\/wp\/v2\/product\/1693","targetHints":{"allow":["GET"]}}],"collection":[{"href":"https:\/\/www.carrytableware.com\/es\/wp-json\/wp\/v2\/product"}],"about":[{"href":"https:\/\/www.carrytableware.com\/es\/wp-json\/wp\/v2\/types\/product"}],"wp:featuredmedia":[{"embeddable":true,"href":"https:\/\/www.carrytableware.com\/es\/wp-json\/wp\/v2\/media\/2055"}],"wp:attachment":[{"href":"https:\/\/www.carrytableware.com\/es\/wp-json\/wp\/v2\/media?parent=1693"}],"wp:term":[{"taxonomy":"product-category","embeddable":true,"href":"https:\/\/www.carrytableware.com\/es\/wp-json\/wp\/v2\/product-category?post=1693"}],"curies":[{"name":"wp","href":"https:\/\/api.w.org\/{rel}","templated":true}]}}