{"id":1697,"date":"2025-02-17T11:20:59","date_gmt":"2025-02-17T11:20:59","guid":{"rendered":"https:\/\/www.carrytableware.com\/es\/?post_type=product&#038;p=1697"},"modified":"2025-03-18T09:59:55","modified_gmt":"2025-03-18T09:59:55","slug":"wooden-fork","status":"publish","type":"product","link":"https:\/\/www.carrytableware.com\/es\/blog\/product\/wooden-fork\/","title":{"rendered":"Tenedor de madera"},"content":{"rendered":"<p>Tenedor de madera<br \/>\nUso: Hogar, pub, restaurante, charcuter\u00eda, hotel<br \/>\nMaterial: madera<br \/>\nColor: natural<br \/>\nTama\u00f1o: 140 mm, 160 mm o personalizaci\u00f3n con logotipo<br \/>\nEmbalaje: a granel\/OPP\/envuelto en papel<br \/>\nCaracter\u00edsticas: ecol\u00f3gico y compostable<br \/>\nPeso: seg\u00fan el tama\u00f1o<br \/>\nOEM\/ODM disponible<br \/>\nPeso m\u00ednimo: 100\u00a0000 unidades<br \/>\nPlazo de entrega: 30-40 d\u00edas<br \/>\nConsejos: de un solo uso, 100\u00a0% ecol\u00f3gico y biodegradable.<\/p>\n","protected":false},"excerpt":{"rendered":"<p>Tenedor de madera Uso: Hogar, pub, restaurante, charcuter\u00eda, hotel Material: madera Color: natural Tama\u00f1o: 140 mm, 160 mm o personalizaci\u00f3n con logotipo Embalaje: a granel\/OPP\/envuelto en papel Caracter\u00edsticas: ecol\u00f3gico y compostable Peso: seg\u00fan el tama\u00f1o OEM\/ODM disponible Peso m\u00ednimo: 100\u00a0000 unidades Plazo de entrega: 30-40 d\u00edas Consejos: de un solo uso, 100\u00a0% ecol\u00f3gico y biodegradable.<\/p>\n","protected":false},"featured_media":2049,"template":"","meta":{"_acf_changed":false},"product-category":[31],"class_list":["post-1697","product","type-product","status-publish","has-post-thumbnail","hentry","product-category-cubiertos-de-madera"],"acf":[],"_links":{"self":[{"href":"https:\/\/www.carrytableware.com\/es\/wp-json\/wp\/v2\/product\/1697","targetHints":{"allow":["GET"]}}],"collection":[{"href":"https:\/\/www.carrytableware.com\/es\/wp-json\/wp\/v2\/product"}],"about":[{"href":"https:\/\/www.carrytableware.com\/es\/wp-json\/wp\/v2\/types\/product"}],"wp:featuredmedia":[{"embeddable":true,"href":"https:\/\/www.carrytableware.com\/es\/wp-json\/wp\/v2\/media\/2049"}],"wp:attachment":[{"href":"https:\/\/www.carrytableware.com\/es\/wp-json\/wp\/v2\/media?parent=1697"}],"wp:term":[{"taxonomy":"product-category","embeddable":true,"href":"https:\/\/www.carrytableware.com\/es\/wp-json\/wp\/v2\/product-category?post=1697"}],"curies":[{"name":"wp","href":"https:\/\/api.w.org\/{rel}","templated":true}]}}