{"id":1702,"date":"2025-02-17T11:22:32","date_gmt":"2025-02-17T11:22:32","guid":{"rendered":"https:\/\/www.carrytableware.com\/es\/?post_type=product&#038;p=1702"},"modified":"2025-03-18T09:59:23","modified_gmt":"2025-03-18T09:59:23","slug":"wooden-spoon","status":"publish","type":"product","link":"https:\/\/www.carrytableware.com\/es\/blog\/product\/wooden-spoon\/","title":{"rendered":"Cuchara de madera"},"content":{"rendered":"<p>Cuchara de madera<br \/>\nUso: Hogar, bar, restaurante, charcuter\u00eda, hotel<br \/>\nMaterial: madera<br \/>\nColor: natural<br \/>\nTama\u00f1o: 9,6 cm, 11 cm, 14 cm, 16 cm o se puede personalizar con logotipo.<br \/>\nEmbalaje: a granel\/OPP\/envuelto en papel<br \/>\nCaracter\u00edsticas: ecol\u00f3gico y compostable<br \/>\nPeso: seg\u00fan el tama\u00f1o<br \/>\nOEM\/ODM disponible<br \/>\nPeso m\u00ednimo: 100\u00a0000 unidades<br \/>\nPlazo de entrega: 30-40 d\u00edas<br \/>\nConsejos: de un solo uso, 100\u00a0% ecol\u00f3gico y biodegradable.<\/p>\n","protected":false},"excerpt":{"rendered":"<p>Cuchara de madera Uso: Hogar, bar, restaurante, charcuter\u00eda, hotel Material: madera Color: natural Tama\u00f1o: 9,6 cm, 11 cm, 14 cm, 16 cm o se puede personalizar con logotipo. Embalaje: a granel\/OPP\/envuelto en papel Caracter\u00edsticas: ecol\u00f3gico y compostable Peso: seg\u00fan el tama\u00f1o OEM\/ODM disponible Peso m\u00ednimo: 100\u00a0000 unidades Plazo de entrega: 30-40 d\u00edas Consejos: de un [&hellip;]<\/p>\n","protected":false},"featured_media":2045,"template":"","meta":{"_acf_changed":false},"product-category":[31],"class_list":["post-1702","product","type-product","status-publish","has-post-thumbnail","hentry","product-category-cubiertos-de-madera"],"acf":[],"_links":{"self":[{"href":"https:\/\/www.carrytableware.com\/es\/wp-json\/wp\/v2\/product\/1702","targetHints":{"allow":["GET"]}}],"collection":[{"href":"https:\/\/www.carrytableware.com\/es\/wp-json\/wp\/v2\/product"}],"about":[{"href":"https:\/\/www.carrytableware.com\/es\/wp-json\/wp\/v2\/types\/product"}],"wp:featuredmedia":[{"embeddable":true,"href":"https:\/\/www.carrytableware.com\/es\/wp-json\/wp\/v2\/media\/2045"}],"wp:attachment":[{"href":"https:\/\/www.carrytableware.com\/es\/wp-json\/wp\/v2\/media?parent=1702"}],"wp:term":[{"taxonomy":"product-category","embeddable":true,"href":"https:\/\/www.carrytableware.com\/es\/wp-json\/wp\/v2\/product-category?post=1702"}],"curies":[{"name":"wp","href":"https:\/\/api.w.org\/{rel}","templated":true}]}}