{"id":1713,"date":"2025-02-17T11:30:00","date_gmt":"2025-02-17T11:30:00","guid":{"rendered":"https:\/\/www.carrytableware.com\/es\/?post_type=product&#038;p=1713"},"modified":"2025-03-18T09:57:23","modified_gmt":"2025-03-18T09:57:23","slug":"wooden-french-fry-forks","status":"publish","type":"product","link":"https:\/\/www.carrytableware.com\/es\/blog\/product\/wooden-french-fry-forks\/","title":{"rendered":"Tenedor de madera para patatas fritas"},"content":{"rendered":"<p>Tenedor de madera para papas fritas<br \/>\nUso: Hogar, pub, restaurante, charcuter\u00eda, hotel<br \/>\nMaterial: madera<br \/>\nColor: natural<br \/>\nTama\u00f1o: 85 mm, 120 mm, 140 mm o personalizaci\u00f3n con logotipo.<br \/>\nEmbalaje: a granel\/OPP\/envuelto en papel<br \/>\nCaracter\u00edsticas: ecol\u00f3gico y compostable<br \/>\nPeso: seg\u00fan el tama\u00f1o<br \/>\nOEM\/ODM disponible<br \/>\nPeso m\u00ednimo: 100 000 unidades<br \/>\nPlazo de entrega: 30-40 d\u00edas<br \/>\nConsejos: de un solo uso, 100 % ecol\u00f3gico y biodegradable.<\/p>\n<p>&nbsp;<\/p>\n","protected":false},"excerpt":{"rendered":"<p>Tenedor de madera para papas fritas Uso: Hogar, pub, restaurante, charcuter\u00eda, hotel Material: madera Color: natural Tama\u00f1o: 85 mm, 120 mm, 140 mm o personalizaci\u00f3n con logotipo. Embalaje: a granel\/OPP\/envuelto en papel Caracter\u00edsticas: ecol\u00f3gico y compostable Peso: seg\u00fan el tama\u00f1o OEM\/ODM disponible Peso m\u00ednimo: 100 000 unidades Plazo de entrega: 30-40 d\u00edas Consejos: de un [&hellip;]<\/p>\n","protected":false},"featured_media":2031,"template":"","meta":{"_acf_changed":false},"product-category":[31],"class_list":["post-1713","product","type-product","status-publish","has-post-thumbnail","hentry","product-category-cubiertos-de-madera"],"acf":[],"_links":{"self":[{"href":"https:\/\/www.carrytableware.com\/es\/wp-json\/wp\/v2\/product\/1713","targetHints":{"allow":["GET"]}}],"collection":[{"href":"https:\/\/www.carrytableware.com\/es\/wp-json\/wp\/v2\/product"}],"about":[{"href":"https:\/\/www.carrytableware.com\/es\/wp-json\/wp\/v2\/types\/product"}],"wp:featuredmedia":[{"embeddable":true,"href":"https:\/\/www.carrytableware.com\/es\/wp-json\/wp\/v2\/media\/2031"}],"wp:attachment":[{"href":"https:\/\/www.carrytableware.com\/es\/wp-json\/wp\/v2\/media?parent=1713"}],"wp:term":[{"taxonomy":"product-category","embeddable":true,"href":"https:\/\/www.carrytableware.com\/es\/wp-json\/wp\/v2\/product-category?post=1713"}],"curies":[{"name":"wp","href":"https:\/\/api.w.org\/{rel}","templated":true}]}}