{"id":1721,"date":"2025-02-17T11:44:25","date_gmt":"2025-02-17T11:44:25","guid":{"rendered":"https:\/\/www.carrytableware.com\/es\/?post_type=product&#038;p=1721"},"modified":"2025-03-18T09:55:43","modified_gmt":"2025-03-18T09:55:43","slug":"wooden-square-spoon","status":"publish","type":"product","link":"https:\/\/www.carrytableware.com\/es\/blog\/product\/wooden-square-spoon\/","title":{"rendered":"Cuchara cuadrada de madera"},"content":{"rendered":"<p>Cuchara cuadrada de madera<br \/>\nUso: Hogar, pub, restaurante, charcuter\u00eda, hotel<br \/>\nMaterial: madera<br \/>\nColor: natural<br \/>\nTama\u00f1o: 96 mm o personalizable, con logotipo personalizable<br \/>\nEmbalaje: a granel\/OPP\/envuelto en papel<br \/>\nCaracter\u00edsticas: ecol\u00f3gico y compostable<br \/>\nPeso: seg\u00fan el tama\u00f1o<br \/>\nOEM\/ODM disponible<br \/>\nPeso m\u00ednimo: 100\u00a0000 unidades<br \/>\nPlazo de entrega: 30-40 d\u00edas<br \/>\nConsejos: Un solo uso, 100\u00a0% ecol\u00f3gico y biodegradable.<\/p>\n","protected":false},"excerpt":{"rendered":"<p>Cuchara cuadrada de madera Uso: Hogar, pub, restaurante, charcuter\u00eda, hotel Material: madera Color: natural Tama\u00f1o: 96 mm o personalizable, con logotipo personalizable Embalaje: a granel\/OPP\/envuelto en papel Caracter\u00edsticas: ecol\u00f3gico y compostable Peso: seg\u00fan el tama\u00f1o OEM\/ODM disponible Peso m\u00ednimo: 100\u00a0000 unidades Plazo de entrega: 30-40 d\u00edas Consejos: Un solo uso, 100\u00a0% ecol\u00f3gico y biodegradable.<\/p>\n","protected":false},"featured_media":2026,"template":"","meta":{"_acf_changed":false},"product-category":[31],"class_list":["post-1721","product","type-product","status-publish","has-post-thumbnail","hentry","product-category-cubiertos-de-madera"],"acf":[],"_links":{"self":[{"href":"https:\/\/www.carrytableware.com\/es\/wp-json\/wp\/v2\/product\/1721","targetHints":{"allow":["GET"]}}],"collection":[{"href":"https:\/\/www.carrytableware.com\/es\/wp-json\/wp\/v2\/product"}],"about":[{"href":"https:\/\/www.carrytableware.com\/es\/wp-json\/wp\/v2\/types\/product"}],"wp:featuredmedia":[{"embeddable":true,"href":"https:\/\/www.carrytableware.com\/es\/wp-json\/wp\/v2\/media\/2026"}],"wp:attachment":[{"href":"https:\/\/www.carrytableware.com\/es\/wp-json\/wp\/v2\/media?parent=1721"}],"wp:term":[{"taxonomy":"product-category","embeddable":true,"href":"https:\/\/www.carrytableware.com\/es\/wp-json\/wp\/v2\/product-category?post=1721"}],"curies":[{"name":"wp","href":"https:\/\/api.w.org\/{rel}","templated":true}]}}