{"id":1729,"date":"2025-02-17T11:47:38","date_gmt":"2025-02-17T11:47:38","guid":{"rendered":"https:\/\/www.carrytableware.com\/es\/?post_type=product&#038;p=1729"},"modified":"2025-03-18T09:55:04","modified_gmt":"2025-03-18T09:55:04","slug":"wooden-ice-cream-spoon","status":"publish","type":"product","link":"https:\/\/www.carrytableware.com\/es\/blog\/product\/wooden-ice-cream-spoon\/","title":{"rendered":"Cuchara de helado de madera"},"content":{"rendered":"<p>Cuchara de madera para helado<br \/>\nUso: Hogar, pub, restaurante, charcuter\u00eda, hotel<br \/>\nMaterial: madera<br \/>\nColor: natural<br \/>\nTama\u00f1o: 2 x 11 x 93 mm, 2 x 17 x 93 mm, 1,35 x 11 x 75 mm, 1,35 x 17 x 75 mm o personalizaci\u00f3n con logotipo.<br \/>\nEmbalaje: a granel, envuelto en papel de polipropileno (OPP)<br \/>\nCaracter\u00edsticas: ecol\u00f3gico y compostable<br \/>\nPeso: seg\u00fan el tama\u00f1o<br \/>\nOEM\/ODM disponibles<br \/>\nPeso m\u00ednimo: 100\u00a0000 unidades<br \/>\nPlazo de entrega: 30-40 d\u00edas<br \/>\nConsejos: de un solo uso, 100\u00a0% ecol\u00f3gico y biodegradable.<\/p>\n","protected":false},"excerpt":{"rendered":"<p>Cuchara de madera para helado Uso: Hogar, pub, restaurante, charcuter\u00eda, hotel Material: madera Color: natural Tama\u00f1o: 2 x 11 x 93 mm, 2 x 17 x 93 mm, 1,35 x 11 x 75 mm, 1,35 x 17 x 75 mm o personalizaci\u00f3n con logotipo. Embalaje: a granel, envuelto en papel de polipropileno (OPP) Caracter\u00edsticas: ecol\u00f3gico [&hellip;]<\/p>\n","protected":false},"featured_media":2024,"template":"","meta":{"_acf_changed":false},"product-category":[31],"class_list":["post-1729","product","type-product","status-publish","has-post-thumbnail","hentry","product-category-cubiertos-de-madera"],"acf":[],"_links":{"self":[{"href":"https:\/\/www.carrytableware.com\/es\/wp-json\/wp\/v2\/product\/1729","targetHints":{"allow":["GET"]}}],"collection":[{"href":"https:\/\/www.carrytableware.com\/es\/wp-json\/wp\/v2\/product"}],"about":[{"href":"https:\/\/www.carrytableware.com\/es\/wp-json\/wp\/v2\/types\/product"}],"wp:featuredmedia":[{"embeddable":true,"href":"https:\/\/www.carrytableware.com\/es\/wp-json\/wp\/v2\/media\/2024"}],"wp:attachment":[{"href":"https:\/\/www.carrytableware.com\/es\/wp-json\/wp\/v2\/media?parent=1729"}],"wp:term":[{"taxonomy":"product-category","embeddable":true,"href":"https:\/\/www.carrytableware.com\/es\/wp-json\/wp\/v2\/product-category?post=1729"}],"curies":[{"name":"wp","href":"https:\/\/api.w.org\/{rel}","templated":true}]}}