{"id":1737,"date":"2025-02-17T11:51:48","date_gmt":"2025-02-17T11:51:48","guid":{"rendered":"https:\/\/www.carrytableware.com\/es\/?post_type=product&#038;p=1737"},"modified":"2025-03-18T09:53:58","modified_gmt":"2025-03-18T09:53:58","slug":"wooden-coffee-stirrer","status":"publish","type":"product","link":"https:\/\/www.carrytableware.com\/es\/blog\/product\/wooden-coffee-stirrer\/","title":{"rendered":"Agitador de caf\u00e9 de madera"},"content":{"rendered":"<p>Agitador de caf\u00e9 de madera<br \/>\nUso: Hogar, pub, restaurante, charcuter\u00eda, hotel<br \/>\nMaterial: Madera<br \/>\nColor: Natural<br \/>\nTama\u00f1o: 1 x 5 x 110 mm, 1 x 5 x 140 mm, 1 x 5 x 178 mm, 1,3 x 5 x 110 mm, 1,3 x 5 x 140 mm, 1,3 x 5 x 178 mm o personalizado<br \/>\nEmbalaje: A granel\/Opp\/envuelto en papel<br \/>\nCaracter\u00edsticas: Ecol\u00f3gico y compostable<br \/>\nPeso: Seg\u00fan el tama\u00f1o<br \/>\nDisponible en OEM\/ODM<br \/>\nPeso m\u00ednimo: 100\u00a0000 unidades<br \/>\nPlazo de entrega: 30-40 d\u00edas<br \/>\nConsejos: De un solo uso, 100\u00a0% ecol\u00f3gico y biodegradable.<\/p>\n","protected":false},"excerpt":{"rendered":"<p>Agitador de caf\u00e9 de madera Uso: Hogar, pub, restaurante, charcuter\u00eda, hotel Material: Madera Color: Natural Tama\u00f1o: 1 x 5 x 110 mm, 1 x 5 x 140 mm, 1 x 5 x 178 mm, 1,3 x 5 x 110 mm, 1,3 x 5 x 140 mm, 1,3 x 5 x 178 mm o personalizado Embalaje: [&hellip;]<\/p>\n","protected":false},"featured_media":2019,"template":"","meta":{"_acf_changed":false},"product-category":[33],"class_list":["post-1737","product","type-product","status-publish","has-post-thumbnail","hentry","product-category-otros-madera"],"acf":[],"_links":{"self":[{"href":"https:\/\/www.carrytableware.com\/es\/wp-json\/wp\/v2\/product\/1737","targetHints":{"allow":["GET"]}}],"collection":[{"href":"https:\/\/www.carrytableware.com\/es\/wp-json\/wp\/v2\/product"}],"about":[{"href":"https:\/\/www.carrytableware.com\/es\/wp-json\/wp\/v2\/types\/product"}],"wp:featuredmedia":[{"embeddable":true,"href":"https:\/\/www.carrytableware.com\/es\/wp-json\/wp\/v2\/media\/2019"}],"wp:attachment":[{"href":"https:\/\/www.carrytableware.com\/es\/wp-json\/wp\/v2\/media?parent=1737"}],"wp:term":[{"taxonomy":"product-category","embeddable":true,"href":"https:\/\/www.carrytableware.com\/es\/wp-json\/wp\/v2\/product-category?post=1737"}],"curies":[{"name":"wp","href":"https:\/\/api.w.org\/{rel}","templated":true}]}}