{"id":1741,"date":"2025-02-17T11:54:02","date_gmt":"2025-02-17T11:54:02","guid":{"rendered":"https:\/\/www.carrytableware.com\/es\/?post_type=product&#038;p=1741"},"modified":"2025-03-18T09:53:16","modified_gmt":"2025-03-18T09:53:16","slug":"wood-cocktail-picks","status":"publish","type":"product","link":"https:\/\/www.carrytableware.com\/es\/blog\/product\/wood-cocktail-picks\/","title":{"rendered":"Palillos de madera para c\u00f3cteles"},"content":{"rendered":"<p>Palillo de c\u00f3ctel de madera<br \/>\nUso: Hogar, pub, restaurante, charcuter\u00eda, hotel<br \/>\nMaterial: madera<br \/>\nColor: natural<br \/>\nTama\u00f1o: 2 x 65 mm, 2 x 100 mm<br \/>\nEmbalaje: a granel\/caja<br \/>\nCaracter\u00edsticas: ecol\u00f3gico y compostable<br \/>\nPeso: seg\u00fan el tama\u00f1o<br \/>\nOEM\/ODM disponible<br \/>\nPeso m\u00ednimo: 100\u00a0000 unidades<br \/>\nPlazo de entrega: 30-40 d\u00edas<br \/>\nConsejos: de un solo uso, 100\u00a0% ecol\u00f3gico y biodegradable.<\/p>\n","protected":false},"excerpt":{"rendered":"<p>Palillo de c\u00f3ctel de madera Uso: Hogar, pub, restaurante, charcuter\u00eda, hotel Material: madera Color: natural Tama\u00f1o: 2 x 65 mm, 2 x 100 mm Embalaje: a granel\/caja Caracter\u00edsticas: ecol\u00f3gico y compostable Peso: seg\u00fan el tama\u00f1o OEM\/ODM disponible Peso m\u00ednimo: 100\u00a0000 unidades Plazo de entrega: 30-40 d\u00edas Consejos: de un solo uso, 100\u00a0% ecol\u00f3gico y biodegradable.<\/p>\n","protected":false},"featured_media":2014,"template":"","meta":{"_acf_changed":false},"product-category":[33],"class_list":["post-1741","product","type-product","status-publish","has-post-thumbnail","hentry","product-category-otros-madera"],"acf":[],"_links":{"self":[{"href":"https:\/\/www.carrytableware.com\/es\/wp-json\/wp\/v2\/product\/1741","targetHints":{"allow":["GET"]}}],"collection":[{"href":"https:\/\/www.carrytableware.com\/es\/wp-json\/wp\/v2\/product"}],"about":[{"href":"https:\/\/www.carrytableware.com\/es\/wp-json\/wp\/v2\/types\/product"}],"wp:featuredmedia":[{"embeddable":true,"href":"https:\/\/www.carrytableware.com\/es\/wp-json\/wp\/v2\/media\/2014"}],"wp:attachment":[{"href":"https:\/\/www.carrytableware.com\/es\/wp-json\/wp\/v2\/media?parent=1741"}],"wp:term":[{"taxonomy":"product-category","embeddable":true,"href":"https:\/\/www.carrytableware.com\/es\/wp-json\/wp\/v2\/product-category?post=1741"}],"curies":[{"name":"wp","href":"https:\/\/api.w.org\/{rel}","templated":true}]}}