{"id":1745,"date":"2025-02-17T11:55:19","date_gmt":"2025-02-17T11:55:19","guid":{"rendered":"https:\/\/www.carrytableware.com\/es\/?post_type=product&#038;p=1745"},"modified":"2025-03-18T09:52:24","modified_gmt":"2025-03-18T09:52:24","slug":"wooden-tongue-depressors","status":"publish","type":"product","link":"https:\/\/www.carrytableware.com\/es\/blog\/product\/wooden-tongue-depressors\/","title":{"rendered":"Depresores de lengua de madera"},"content":{"rendered":"<p>Depresor de Lengua de Madera<br \/>\nMaterial: Madera<br \/>\nColor: Natural<br \/>\nTama\u00f1o: 1.8 x 14 x 140 mm, 1.6 x 17 x 150 mm o personalizado<br \/>\nEmbalaje: A granel\/OPP\/envuelto en papel<br \/>\nCaracter\u00edsticas: Ecol\u00f3gico, compostable<br \/>\nPeso: Seg\u00fan el tama\u00f1o<br \/>\nOEM\/ODM disponible<br \/>\nPeso m\u00ednimo: 100\u00a0000 unidades<br \/>\nPlazo de entrega: 30-40 d\u00edas<br \/>\nConsejos: De un solo uso, 100\u00a0% ecol\u00f3gico y biodegradable.<br \/>\nUso multiusos: Para deprimir la lengua y permitir la exploraci\u00f3n de la boca y la garganta. Tambi\u00e9n se puede utilizar para manualidades, para extender cremas y ceras, y para mezclar soluciones.<\/p>\n","protected":false},"excerpt":{"rendered":"<p>Depresor de Lengua de Madera Material: Madera Color: Natural Tama\u00f1o: 1.8 x 14 x 140 mm, 1.6 x 17 x 150 mm o personalizado Embalaje: A granel\/OPP\/envuelto en papel Caracter\u00edsticas: Ecol\u00f3gico, compostable Peso: Seg\u00fan el tama\u00f1o OEM\/ODM disponible Peso m\u00ednimo: 100\u00a0000 unidades Plazo de entrega: 30-40 d\u00edas Consejos: De un solo uso, 100\u00a0% ecol\u00f3gico y [&hellip;]<\/p>\n","protected":false},"featured_media":2009,"template":"","meta":{"_acf_changed":false},"product-category":[33],"class_list":["post-1745","product","type-product","status-publish","has-post-thumbnail","hentry","product-category-otros-madera"],"acf":[],"_links":{"self":[{"href":"https:\/\/www.carrytableware.com\/es\/wp-json\/wp\/v2\/product\/1745","targetHints":{"allow":["GET"]}}],"collection":[{"href":"https:\/\/www.carrytableware.com\/es\/wp-json\/wp\/v2\/product"}],"about":[{"href":"https:\/\/www.carrytableware.com\/es\/wp-json\/wp\/v2\/types\/product"}],"wp:featuredmedia":[{"embeddable":true,"href":"https:\/\/www.carrytableware.com\/es\/wp-json\/wp\/v2\/media\/2009"}],"wp:attachment":[{"href":"https:\/\/www.carrytableware.com\/es\/wp-json\/wp\/v2\/media?parent=1745"}],"wp:term":[{"taxonomy":"product-category","embeddable":true,"href":"https:\/\/www.carrytableware.com\/es\/wp-json\/wp\/v2\/product-category?post=1745"}],"curies":[{"name":"wp","href":"https:\/\/api.w.org\/{rel}","templated":true}]}}