{"id":1748,"date":"2025-02-17T11:56:59","date_gmt":"2025-02-17T11:56:59","guid":{"rendered":"https:\/\/www.carrytableware.com\/es\/?post_type=product&#038;p=1748"},"modified":"2025-03-18T09:51:46","modified_gmt":"2025-03-18T09:51:46","slug":"wooden-colored-sticks","status":"publish","type":"product","link":"https:\/\/www.carrytableware.com\/es\/blog\/product\/wooden-colored-sticks\/","title":{"rendered":"Palitos de madera de colores"},"content":{"rendered":"<p>Palitos de madera de colores<br \/>\nMaterial: Madera<br \/>\nColor: Multicolor<br \/>\nTama\u00f1o: 1.6 x 17 x 150 mm, 2 x 10 x 114 mm o personalizado<br \/>\nEmbalaje: A granel\/OPP<br \/>\nCaracter\u00edsticas: Ecol\u00f3gico, compostable<br \/>\nPeso: Seg\u00fan el tama\u00f1o<br \/>\nOEM\/ODM disponible<br \/>\nPeso m\u00ednimo: 100\u00a0000 unidades<br \/>\nPlazo de entrega: 30-40 d\u00edas<br \/>\nConsejos: De un solo uso, 100\u00a0% ecol\u00f3gico y biodegradable.<br \/>\nAplicaci\u00f3n: Ideal para proyectos de aula, proyectos de construcci\u00f3n, manualidades para fiestas, fiestas de cumplea\u00f1os y decoraci\u00f3n del hogar. Dise\u00f1os elegantes, ideal para mezclar.<\/p>\n","protected":false},"excerpt":{"rendered":"<p>Palitos de madera de colores Material: Madera Color: Multicolor Tama\u00f1o: 1.6 x 17 x 150 mm, 2 x 10 x 114 mm o personalizado Embalaje: A granel\/OPP Caracter\u00edsticas: Ecol\u00f3gico, compostable Peso: Seg\u00fan el tama\u00f1o OEM\/ODM disponible Peso m\u00ednimo: 100\u00a0000 unidades Plazo de entrega: 30-40 d\u00edas Consejos: De un solo uso, 100\u00a0% ecol\u00f3gico y biodegradable. Aplicaci\u00f3n: [&hellip;]<\/p>\n","protected":false},"featured_media":2007,"template":"","meta":{"_acf_changed":false},"product-category":[33],"class_list":["post-1748","product","type-product","status-publish","has-post-thumbnail","hentry","product-category-otros-madera"],"acf":[],"_links":{"self":[{"href":"https:\/\/www.carrytableware.com\/es\/wp-json\/wp\/v2\/product\/1748","targetHints":{"allow":["GET"]}}],"collection":[{"href":"https:\/\/www.carrytableware.com\/es\/wp-json\/wp\/v2\/product"}],"about":[{"href":"https:\/\/www.carrytableware.com\/es\/wp-json\/wp\/v2\/types\/product"}],"wp:featuredmedia":[{"embeddable":true,"href":"https:\/\/www.carrytableware.com\/es\/wp-json\/wp\/v2\/media\/2007"}],"wp:attachment":[{"href":"https:\/\/www.carrytableware.com\/es\/wp-json\/wp\/v2\/media?parent=1748"}],"wp:term":[{"taxonomy":"product-category","embeddable":true,"href":"https:\/\/www.carrytableware.com\/es\/wp-json\/wp\/v2\/product-category?post=1748"}],"curies":[{"name":"wp","href":"https:\/\/api.w.org\/{rel}","templated":true}]}}