{"id":1752,"date":"2025-02-17T11:58:50","date_gmt":"2025-02-17T11:58:50","guid":{"rendered":"https:\/\/www.carrytableware.com\/es\/?post_type=product&#038;p=1752"},"modified":"2025-03-18T09:51:12","modified_gmt":"2025-03-18T09:51:12","slug":"wooden-ice-cream-sticks","status":"publish","type":"product","link":"https:\/\/www.carrytableware.com\/es\/blog\/product\/wooden-ice-cream-sticks\/","title":{"rendered":"Palito de helado de madera"},"content":{"rendered":"<p>Palitos de Helado de Madera<br \/>\nMaterial: Madera<br \/>\nColor: Natural<br \/>\nTama\u00f1o: 1.8 x 95 x 105 mm, 2 x 10 x 93 mm, 2 x 10 x 114 mm o personalizado<br \/>\nEmbalaje: A granel\/OPP\/envuelto en papel<br \/>\nCaracter\u00edsticas: Ecol\u00f3gico, compostable<br \/>\nPeso: Seg\u00fan el tama\u00f1o<br \/>\nOEM\/ODM disponible<br \/>\nCantidad m\u00ednima de pedido: 100 000 unidades<br \/>\nPlazo de entrega: 30-40 d\u00edas<br \/>\nConsejos: De un solo uso, 100 % ecol\u00f3gico y biodegradable.<br \/>\nUso: Los palitos de helado de madera son ideales para paletas caseras, postres, cera para esp\u00e1tulas de madera, helados, manualidades. Tambi\u00e9n puedes pintar sobre ellos, crear tus modelos favoritos y usar tu imaginaci\u00f3n y creatividad. Nuestros palitos de helado de madera son ideales para profesores, estudiantes, artesanos, ni\u00f1os y adultos. Perfectos para regalos creativos o decoraciones para Pascua, Navidad, Halloween, fiestas tem\u00e1ticas y mucho m\u00e1s.<\/p>\n","protected":false},"excerpt":{"rendered":"<p>Palitos de Helado de Madera Material: Madera Color: Natural Tama\u00f1o: 1.8 x 95 x 105 mm, 2 x 10 x 93 mm, 2 x 10 x 114 mm o personalizado Embalaje: A granel\/OPP\/envuelto en papel Caracter\u00edsticas: Ecol\u00f3gico, compostable Peso: Seg\u00fan el tama\u00f1o OEM\/ODM disponible Cantidad m\u00ednima de pedido: 100 000 unidades Plazo de entrega: 30-40 [&hellip;]<\/p>\n","protected":false},"featured_media":2004,"template":"","meta":{"_acf_changed":false},"product-category":[33],"class_list":["post-1752","product","type-product","status-publish","has-post-thumbnail","hentry","product-category-otros-madera"],"acf":[],"_links":{"self":[{"href":"https:\/\/www.carrytableware.com\/es\/wp-json\/wp\/v2\/product\/1752","targetHints":{"allow":["GET"]}}],"collection":[{"href":"https:\/\/www.carrytableware.com\/es\/wp-json\/wp\/v2\/product"}],"about":[{"href":"https:\/\/www.carrytableware.com\/es\/wp-json\/wp\/v2\/types\/product"}],"wp:featuredmedia":[{"embeddable":true,"href":"https:\/\/www.carrytableware.com\/es\/wp-json\/wp\/v2\/media\/2004"}],"wp:attachment":[{"href":"https:\/\/www.carrytableware.com\/es\/wp-json\/wp\/v2\/media?parent=1752"}],"wp:term":[{"taxonomy":"product-category","embeddable":true,"href":"https:\/\/www.carrytableware.com\/es\/wp-json\/wp\/v2\/product-category?post=1752"}],"curies":[{"name":"wp","href":"https:\/\/api.w.org\/{rel}","templated":true}]}}