{"id":1754,"date":"2025-02-17T12:00:58","date_gmt":"2025-02-17T12:00:58","guid":{"rendered":"https:\/\/www.carrytableware.com\/es\/?post_type=product&#038;p=1754"},"modified":"2025-03-18T09:50:42","modified_gmt":"2025-03-18T09:50:42","slug":"mini-wooden-spoons","status":"publish","type":"product","link":"https:\/\/www.carrytableware.com\/es\/blog\/product\/mini-wooden-spoons\/","title":{"rendered":"Mini cuchara de madera"},"content":{"rendered":"<p>Mini cuchara de madera<br \/>\nMaterial: Madera<br \/>\nColor: Natural<br \/>\nTama\u00f1o: 70 mm, 96 mm o personalizado<br \/>\nEmbalaje: A granel\/OPP\/envuelto en papel<br \/>\nCaracter\u00edsticas: Ecol\u00f3gica y compostable<br \/>\nPeso: Seg\u00fan el tama\u00f1o<br \/>\nOEM\/ODM disponible<br \/>\nPeso m\u00ednimo: 100\u00a0000 unidades<br \/>\nPlazo de entrega: 30-40 d\u00edas<br \/>\nConsejos: De un solo uso, 100\u00a0% ecol\u00f3gico y biodegradable.<br \/>\nMultiusos: La mini cuchara de madera se puede usar en diversos postres, como helados, yogures, postres, parfaits, mousses, pudines, etc.<\/p>\n","protected":false},"excerpt":{"rendered":"<p>Mini cuchara de madera Material: Madera Color: Natural Tama\u00f1o: 70 mm, 96 mm o personalizado Embalaje: A granel\/OPP\/envuelto en papel Caracter\u00edsticas: Ecol\u00f3gica y compostable Peso: Seg\u00fan el tama\u00f1o OEM\/ODM disponible Peso m\u00ednimo: 100\u00a0000 unidades Plazo de entrega: 30-40 d\u00edas Consejos: De un solo uso, 100\u00a0% ecol\u00f3gico y biodegradable. Multiusos: La mini cuchara de madera se [&hellip;]<\/p>\n","protected":false},"featured_media":2002,"template":"","meta":{"_acf_changed":false},"product-category":[33],"class_list":["post-1754","product","type-product","status-publish","has-post-thumbnail","hentry","product-category-otros-madera"],"acf":[],"_links":{"self":[{"href":"https:\/\/www.carrytableware.com\/es\/wp-json\/wp\/v2\/product\/1754","targetHints":{"allow":["GET"]}}],"collection":[{"href":"https:\/\/www.carrytableware.com\/es\/wp-json\/wp\/v2\/product"}],"about":[{"href":"https:\/\/www.carrytableware.com\/es\/wp-json\/wp\/v2\/types\/product"}],"wp:featuredmedia":[{"embeddable":true,"href":"https:\/\/www.carrytableware.com\/es\/wp-json\/wp\/v2\/media\/2002"}],"wp:attachment":[{"href":"https:\/\/www.carrytableware.com\/es\/wp-json\/wp\/v2\/media?parent=1754"}],"wp:term":[{"taxonomy":"product-category","embeddable":true,"href":"https:\/\/www.carrytableware.com\/es\/wp-json\/wp\/v2\/product-category?post=1754"}],"curies":[{"name":"wp","href":"https:\/\/api.w.org\/{rel}","templated":true}]}}