{"id":1758,"date":"2025-02-17T12:03:45","date_gmt":"2025-02-17T12:03:45","guid":{"rendered":"https:\/\/www.carrytableware.com\/es\/?post_type=product&#038;p=1758"},"modified":"2025-03-18T09:49:58","modified_gmt":"2025-03-18T09:49:58","slug":"wooden-skewer","status":"publish","type":"product","link":"https:\/\/www.carrytableware.com\/es\/blog\/product\/wooden-skewer\/","title":{"rendered":"Pincho de madera"},"content":{"rendered":"<p>Pincho de madera<br \/>\nMaterial: madera<br \/>\nColor: natural<br \/>\nTama\u00f1o: 5 x 300 mm o personalizado<br \/>\nEmbalaje: a granel\/OPP\/cart\u00f3n<br \/>\nCaracter\u00edsticas: ecol\u00f3gico, compostable<br \/>\nPeso: seg\u00fan el tama\u00f1o<br \/>\nOEM\/ODM disponible<br \/>\nCantidad m\u00ednima de pedido: 100\u00a0000 unidades<br \/>\nPlazo de entrega: 30-40 d\u00edas<br \/>\nConsejos: de un solo uso, 100\u00a0% ecol\u00f3gico y biodegradable.<br \/>\nPinchos de madera 100\u00a0% naturales y ecol\u00f3gicos.<br \/>\nIdeales para la cocina, camping, picnics, barbacoas, bodas, reuniones familiares y la mejor opci\u00f3n para amigos.<br \/>\nIdeales para aperitivos, ensaladas de frutas, decoraci\u00f3n de pasteles, adornos para cupcakes, fondues, fuentes de chocolate, etc.<\/p>\n","protected":false},"excerpt":{"rendered":"<p>Pincho de madera Material: madera Color: natural Tama\u00f1o: 5 x 300 mm o personalizado Embalaje: a granel\/OPP\/cart\u00f3n Caracter\u00edsticas: ecol\u00f3gico, compostable Peso: seg\u00fan el tama\u00f1o OEM\/ODM disponible Cantidad m\u00ednima de pedido: 100\u00a0000 unidades Plazo de entrega: 30-40 d\u00edas Consejos: de un solo uso, 100\u00a0% ecol\u00f3gico y biodegradable. Pinchos de madera 100\u00a0% naturales y ecol\u00f3gicos. Ideales para [&hellip;]<\/p>\n","protected":false},"featured_media":1995,"template":"","meta":{"_acf_changed":false},"product-category":[33],"class_list":["post-1758","product","type-product","status-publish","has-post-thumbnail","hentry","product-category-otros-madera"],"acf":[],"_links":{"self":[{"href":"https:\/\/www.carrytableware.com\/es\/wp-json\/wp\/v2\/product\/1758","targetHints":{"allow":["GET"]}}],"collection":[{"href":"https:\/\/www.carrytableware.com\/es\/wp-json\/wp\/v2\/product"}],"about":[{"href":"https:\/\/www.carrytableware.com\/es\/wp-json\/wp\/v2\/types\/product"}],"wp:featuredmedia":[{"embeddable":true,"href":"https:\/\/www.carrytableware.com\/es\/wp-json\/wp\/v2\/media\/1995"}],"wp:attachment":[{"href":"https:\/\/www.carrytableware.com\/es\/wp-json\/wp\/v2\/media?parent=1758"}],"wp:term":[{"taxonomy":"product-category","embeddable":true,"href":"https:\/\/www.carrytableware.com\/es\/wp-json\/wp\/v2\/product-category?post=1758"}],"curies":[{"name":"wp","href":"https:\/\/api.w.org\/{rel}","templated":true}]}}