{"id":1763,"date":"2025-02-17T12:06:18","date_gmt":"2025-02-17T12:06:18","guid":{"rendered":"https:\/\/www.carrytableware.com\/es\/?post_type=product&#038;p=1763"},"modified":"2025-03-18T09:49:20","modified_gmt":"2025-03-18T09:49:20","slug":"disposable-wooden-sushi-boat","status":"publish","type":"product","link":"https:\/\/www.carrytableware.com\/es\/blog\/product\/disposable-wooden-sushi-boat\/","title":{"rendered":"Barco de madera"},"content":{"rendered":"<p>Barquito de sushi de madera desechable<br \/>\nMaterial: Madera<br \/>\nColor: Natural<br \/>\nTama\u00f1o: 90 x 60 mm, 65 x 42 mm, 240 x 110 mm, 240 x 125 mm, 220 x 110 mm, 190 x 100 mm, 160 x 90 mm, 145 x 85 mm, 130 x 80 mm, 110 x 70 mm o personalizado<br \/>\nEmbalaje: OPP<br \/>\nCaracter\u00edsticas: Ecol\u00f3gico y compostable<br \/>\nPeso: Seg\u00fan el tama\u00f1o<br \/>\nDisponible con OEM\/ODM<br \/>\nPedido m\u00ednimo: 100\u00a0000 unidades<br \/>\nPlazo de entrega: 30-40 d\u00edas<br \/>\nConsejos: De un solo uso, 100\u00a0% ecol\u00f3gico y biodegradable. Material natural: Hecho de madera natural, sin tintes ni colorantes, es seguro para alimentos y se puede usar con confianza.<br \/>\nM\u00faltiples ocasiones: Use estos platos \u00fanicos y encantadores con forma de barco en casa, restaurantes, bares, hoteles, etc.<br \/>\nForma: El recipiente para alimentos con forma de barco es muy \u00fatil para contener alimentos y tiene una est\u00e9tica atractiva.<br \/>\nRecipiente para alimentos: Se utiliza para guardar peque\u00f1os bocadillos como sushi, salm\u00f3n, pasteles, ensaladas, papas fritas, etc.<br \/>\nDise\u00f1o desechable: No requiere limpieza ni mantenimiento, simplemente t\u00edrelos a la basura despu\u00e9s de usarlos, ahorrando tiempo y esfuerzo.<\/p>\n","protected":false},"excerpt":{"rendered":"<p>Barquito de sushi de madera desechable Material: Madera Color: Natural Tama\u00f1o: 90 x 60 mm, 65 x 42 mm, 240 x 110 mm, 240 x 125 mm, 220 x 110 mm, 190 x 100 mm, 160 x 90 mm, 145 x 85 mm, 130 x 80 mm, 110 x 70 mm o personalizado Embalaje: OPP [&hellip;]<\/p>\n","protected":false},"featured_media":1992,"template":"","meta":{"_acf_changed":false},"product-category":[33],"class_list":["post-1763","product","type-product","status-publish","has-post-thumbnail","hentry","product-category-otros-madera"],"acf":[],"_links":{"self":[{"href":"https:\/\/www.carrytableware.com\/es\/wp-json\/wp\/v2\/product\/1763","targetHints":{"allow":["GET"]}}],"collection":[{"href":"https:\/\/www.carrytableware.com\/es\/wp-json\/wp\/v2\/product"}],"about":[{"href":"https:\/\/www.carrytableware.com\/es\/wp-json\/wp\/v2\/types\/product"}],"wp:featuredmedia":[{"embeddable":true,"href":"https:\/\/www.carrytableware.com\/es\/wp-json\/wp\/v2\/media\/1992"}],"wp:attachment":[{"href":"https:\/\/www.carrytableware.com\/es\/wp-json\/wp\/v2\/media?parent=1763"}],"wp:term":[{"taxonomy":"product-category","embeddable":true,"href":"https:\/\/www.carrytableware.com\/es\/wp-json\/wp\/v2\/product-category?post=1763"}],"curies":[{"name":"wp","href":"https:\/\/api.w.org\/{rel}","templated":true}]}}