{"id":1767,"date":"2025-02-17T12:08:18","date_gmt":"2025-02-17T12:08:18","guid":{"rendered":"https:\/\/www.carrytableware.com\/es\/?post_type=product&#038;p=1767"},"modified":"2025-03-18T09:48:37","modified_gmt":"2025-03-18T09:48:37","slug":"wooden-plates","status":"publish","type":"product","link":"https:\/\/www.carrytableware.com\/es\/blog\/product\/wooden-plates\/","title":{"rendered":"Plato redondo de madera"},"content":{"rendered":"<p>Plato redondo de madera<br \/>\nMaterial: madera<br \/>\nColor: natural<br \/>\nTama\u00f1o: 150 x 150 mm, 210 x 210 mm o personalizado<br \/>\nEmbalaje: OPP<br \/>\nCaracter\u00edsticas: ecol\u00f3gico, compostable<br \/>\nPeso: seg\u00fan el tama\u00f1o<br \/>\nOEM\/ODM disponible<br \/>\nPeso m\u00ednimo: 100\u00a0000 unidades<br \/>\nPlazo de entrega: 30-40 d\u00edas<br \/>\nConsejos: de un solo uso, 100\u00a0% ecol\u00f3gico y biodegradable.<br \/>\nEstos platos son una alternativa hermosa y pr\u00e1ctica a los platos de papel o pl\u00e1stico para la decoraci\u00f3n de mesas de fiesta.<br \/>\nMaterial seguro: La madera natural utilizada para fabricar estos platos para aperitivos es segura para comer e incre\u00edblemente duradera, as\u00ed que puedes usarlos para decorar tu mesa con estilo.<br \/>\nTama\u00f1o adecuado: En eventos de catering, nuestros platos de madera desechables son ideales para servir una amplia gama de alimentos, como pasteles, sushi y aperitivos.<br \/>\nDise\u00f1o desechable: Estos elegantes platos de madera est\u00e1n prensados \u200b\u200ba m\u00e1quina sin pegamento. Su dise\u00f1o desechable no requiere mantenimiento ni limpieza; simplemente t\u00edralos a la basura al terminar de usarlos para ahorrar tiempo y esfuerzo.<\/p>\n","protected":false},"excerpt":{"rendered":"<p>Plato redondo de madera Material: madera Color: natural Tama\u00f1o: 150 x 150 mm, 210 x 210 mm o personalizado Embalaje: OPP Caracter\u00edsticas: ecol\u00f3gico, compostable Peso: seg\u00fan el tama\u00f1o OEM\/ODM disponible Peso m\u00ednimo: 100\u00a0000 unidades Plazo de entrega: 30-40 d\u00edas Consejos: de un solo uso, 100\u00a0% ecol\u00f3gico y biodegradable. Estos platos son una alternativa hermosa y [&hellip;]<\/p>\n","protected":false},"featured_media":1985,"template":"","meta":{"_acf_changed":false},"product-category":[31],"class_list":["post-1767","product","type-product","status-publish","has-post-thumbnail","hentry","product-category-cubiertos-de-madera"],"acf":[],"_links":{"self":[{"href":"https:\/\/www.carrytableware.com\/es\/wp-json\/wp\/v2\/product\/1767","targetHints":{"allow":["GET"]}}],"collection":[{"href":"https:\/\/www.carrytableware.com\/es\/wp-json\/wp\/v2\/product"}],"about":[{"href":"https:\/\/www.carrytableware.com\/es\/wp-json\/wp\/v2\/types\/product"}],"wp:featuredmedia":[{"embeddable":true,"href":"https:\/\/www.carrytableware.com\/es\/wp-json\/wp\/v2\/media\/1985"}],"wp:attachment":[{"href":"https:\/\/www.carrytableware.com\/es\/wp-json\/wp\/v2\/media?parent=1767"}],"wp:term":[{"taxonomy":"product-category","embeddable":true,"href":"https:\/\/www.carrytableware.com\/es\/wp-json\/wp\/v2\/product-category?post=1767"}],"curies":[{"name":"wp","href":"https:\/\/api.w.org\/{rel}","templated":true}]}}