{"id":1772,"date":"2025-02-17T12:09:16","date_gmt":"2025-02-17T12:09:16","guid":{"rendered":"https:\/\/www.carrytableware.com\/es\/?post_type=product&#038;p=1772"},"modified":"2025-03-18T09:48:00","modified_gmt":"2025-03-18T09:48:00","slug":"wooden-dessert-cups","status":"publish","type":"product","link":"https:\/\/www.carrytableware.com\/es\/blog\/product\/wooden-dessert-cups\/","title":{"rendered":"Taza de postre de madera"},"content":{"rendered":"<p>Vaso de postre de madera<br \/>\nMaterial: madera<br \/>\nColor: natural<br \/>\nTama\u00f1o: 6 cm o personalizado<br \/>\nEmbalaje: OPP<br \/>\nCaracter\u00edsticas: ecol\u00f3gico, compostable<br \/>\nPeso: seg\u00fan el tama\u00f1o<br \/>\nOEM\/ODM disponible<br \/>\nCantidad m\u00ednima de pedido: 100\u00a0000 unidades<br \/>\nPlazo de entrega: 30-40 d\u00edas<br \/>\nConsejos: Un solo uso, 100\u00a0% ecol\u00f3gico y biodegradable.<br \/>\nPerfecto para bodas, fiestas, banquetes, reuniones familiares, meriendas, etc.<br \/>\nBordes lisos sin rebabas: no da\u00f1a la piel.<br \/>\nVegetaci\u00f3n de madera clara y dise\u00f1o sencillo, ideal para la mayor\u00eda de los estilos de decoraci\u00f3n del hogar.<br \/>\nIdeal para guardar frutas, ensaladas, aperitivos, postres, dulces y otros alimentos, o para beber leche, agua, vino, etc.<\/p>\n","protected":false},"excerpt":{"rendered":"<p>Vaso de postre de madera Material: madera Color: natural Tama\u00f1o: 6 cm o personalizado Embalaje: OPP Caracter\u00edsticas: ecol\u00f3gico, compostable Peso: seg\u00fan el tama\u00f1o OEM\/ODM disponible Cantidad m\u00ednima de pedido: 100\u00a0000 unidades Plazo de entrega: 30-40 d\u00edas Consejos: Un solo uso, 100\u00a0% ecol\u00f3gico y biodegradable. Perfecto para bodas, fiestas, banquetes, reuniones familiares, meriendas, etc. Bordes lisos [&hellip;]<\/p>\n","protected":false},"featured_media":1983,"template":"","meta":{"_acf_changed":false},"product-category":[33],"class_list":["post-1772","product","type-product","status-publish","has-post-thumbnail","hentry","product-category-otros-madera"],"acf":[],"_links":{"self":[{"href":"https:\/\/www.carrytableware.com\/es\/wp-json\/wp\/v2\/product\/1772","targetHints":{"allow":["GET"]}}],"collection":[{"href":"https:\/\/www.carrytableware.com\/es\/wp-json\/wp\/v2\/product"}],"about":[{"href":"https:\/\/www.carrytableware.com\/es\/wp-json\/wp\/v2\/types\/product"}],"wp:featuredmedia":[{"embeddable":true,"href":"https:\/\/www.carrytableware.com\/es\/wp-json\/wp\/v2\/media\/1983"}],"wp:attachment":[{"href":"https:\/\/www.carrytableware.com\/es\/wp-json\/wp\/v2\/media?parent=1772"}],"wp:term":[{"taxonomy":"product-category","embeddable":true,"href":"https:\/\/www.carrytableware.com\/es\/wp-json\/wp\/v2\/product-category?post=1772"}],"curies":[{"name":"wp","href":"https:\/\/api.w.org\/{rel}","templated":true}]}}