{"id":1774,"date":"2025-02-17T12:11:32","date_gmt":"2025-02-17T12:11:32","guid":{"rendered":"https:\/\/www.carrytableware.com\/es\/?post_type=product&#038;p=1774"},"modified":"2025-03-18T09:47:20","modified_gmt":"2025-03-18T09:47:20","slug":"wooden-tasting-cones","status":"publish","type":"product","link":"https:\/\/www.carrytableware.com\/es\/blog\/product\/wooden-tasting-cones\/","title":{"rendered":"Cono de degustaci\u00f3n de madera"},"content":{"rendered":"<p>Cono de Degustaci\u00f3n de Madera<br \/>\nMaterial: Madera<br \/>\nColor: Natural<br \/>\nTama\u00f1o: 50 x 125 mm, 60 x 155 mm, 70 x 180 mm, 100 x 240 mm o personalizado<br \/>\nEmbalaje: OPP<br \/>\nCaracter\u00edsticas: Ecol\u00f3gico y compostable<br \/>\nPeso: Seg\u00fan el tama\u00f1o<br \/>\nOEM\/ODM disponible<br \/>\nPeso m\u00ednimo: 100\u00a0000 unidades<br \/>\nPlazo de entrega: 30-40 d\u00edas<br \/>\nConsejos: De un solo uso, 100\u00a0% ecol\u00f3gico y biodegradable.<br \/>\nConos para aperitivos hechos de madera, de estructura sencilla, f\u00e1ciles de usar y de sujetar. Su excelente acabado y su interfaz de conexi\u00f3n estrecha permiten envolver la comida de forma eficaz. Ideales para envolver y colocar postres, helados, dulces y otros aperitivos.<\/p>\n","protected":false},"excerpt":{"rendered":"<p>Cono de Degustaci\u00f3n de Madera Material: Madera Color: Natural Tama\u00f1o: 50 x 125 mm, 60 x 155 mm, 70 x 180 mm, 100 x 240 mm o personalizado Embalaje: OPP Caracter\u00edsticas: Ecol\u00f3gico y compostable Peso: Seg\u00fan el tama\u00f1o OEM\/ODM disponible Peso m\u00ednimo: 100\u00a0000 unidades Plazo de entrega: 30-40 d\u00edas Consejos: De un solo uso, 100\u00a0% [&hellip;]<\/p>\n","protected":false},"featured_media":1978,"template":"","meta":{"_acf_changed":false},"product-category":[33],"class_list":["post-1774","product","type-product","status-publish","has-post-thumbnail","hentry","product-category-otros-madera"],"acf":[],"_links":{"self":[{"href":"https:\/\/www.carrytableware.com\/es\/wp-json\/wp\/v2\/product\/1774","targetHints":{"allow":["GET"]}}],"collection":[{"href":"https:\/\/www.carrytableware.com\/es\/wp-json\/wp\/v2\/product"}],"about":[{"href":"https:\/\/www.carrytableware.com\/es\/wp-json\/wp\/v2\/types\/product"}],"wp:featuredmedia":[{"embeddable":true,"href":"https:\/\/www.carrytableware.com\/es\/wp-json\/wp\/v2\/media\/1978"}],"wp:attachment":[{"href":"https:\/\/www.carrytableware.com\/es\/wp-json\/wp\/v2\/media?parent=1774"}],"wp:term":[{"taxonomy":"product-category","embeddable":true,"href":"https:\/\/www.carrytableware.com\/es\/wp-json\/wp\/v2\/product-category?post=1774"}],"curies":[{"name":"wp","href":"https:\/\/api.w.org\/{rel}","templated":true}]}}