{"id":1779,"date":"2025-02-17T12:15:38","date_gmt":"2025-02-17T12:15:38","guid":{"rendered":"https:\/\/www.carrytableware.com\/es\/?post_type=product&#038;p=1779"},"modified":"2025-03-18T09:46:37","modified_gmt":"2025-03-18T09:46:37","slug":"paper-cups","status":"publish","type":"product","link":"https:\/\/www.carrytableware.com\/es\/blog\/product\/paper-cups\/","title":{"rendered":"Vasos de papel"},"content":{"rendered":"<p>Vaso de papel<br \/>\nMaterial: Papel<br \/>\nColor: Natural\/Blanco<br \/>\nTama\u00f1o: 200 ml, 275 ml o personalizado<br \/>\nEmbalaje: A granel<br \/>\nCaracter\u00edsticas: Ecol\u00f3gico, compostable<br \/>\nPeso: Seg\u00fan el tama\u00f1o<br \/>\nOEM\/ODM disponible<br \/>\nPeso m\u00ednimo: 40000 unidades<br \/>\nPlazo de entrega: 30-40 d\u00edas<br \/>\nConsejos: De un solo uso, 100 % ecol\u00f3gico y biodegradable.<\/p>\n<p>Material: Nuestros vasos est\u00e1n fabricados con papel de la m\u00e1s alta calidad de grado alimenticio. El borde enrollado est\u00e1 dise\u00f1ado para aumentar la rigidez y la resistencia de los vasos de papel, y evitar derrames accidentales de l\u00edquido. Estas tazas de caf\u00e9 son perfectas para llevar su caf\u00e9, t\u00e9 o bebidas.<br \/>\nConveniente y ecol\u00f3gico: T\u00edrelo a la basura despu\u00e9s de usarlo para evitar una limpieza profunda. Estos vasos de papel usados \u200b\u200bse pueden reciclar y no contaminan el medio ambiente. Nuestros productos son buenos sustitutos de los productos de pl\u00e1stico.<br \/>\nAmplias aplicaciones: Vasos de papel desechables ideales para uso dom\u00e9stico o comercial. Perfecto para familias, escuelas, oficinas, eventos deportivos, caf\u00e9s, eventos de recaudaci\u00f3n de fondos, restaurantes, iglesias, clubes y para entretener a sus invitados.<\/p>\n","protected":false},"excerpt":{"rendered":"<p>Vaso de papel Material: Papel Color: Natural\/Blanco Tama\u00f1o: 200 ml, 275 ml o personalizado Embalaje: A granel Caracter\u00edsticas: Ecol\u00f3gico, compostable Peso: Seg\u00fan el tama\u00f1o OEM\/ODM disponible Peso m\u00ednimo: 40000 unidades Plazo de entrega: 30-40 d\u00edas Consejos: De un solo uso, 100 % ecol\u00f3gico y biodegradable. Material: Nuestros vasos est\u00e1n fabricados con papel de la m\u00e1s [&hellip;]<\/p>\n","protected":false},"featured_media":1976,"template":"","meta":{"_acf_changed":false},"product-category":[36],"class_list":["post-1779","product","type-product","status-publish","has-post-thumbnail","hentry","product-category-papel-papel"],"acf":[],"_links":{"self":[{"href":"https:\/\/www.carrytableware.com\/es\/wp-json\/wp\/v2\/product\/1779","targetHints":{"allow":["GET"]}}],"collection":[{"href":"https:\/\/www.carrytableware.com\/es\/wp-json\/wp\/v2\/product"}],"about":[{"href":"https:\/\/www.carrytableware.com\/es\/wp-json\/wp\/v2\/types\/product"}],"wp:featuredmedia":[{"embeddable":true,"href":"https:\/\/www.carrytableware.com\/es\/wp-json\/wp\/v2\/media\/1976"}],"wp:attachment":[{"href":"https:\/\/www.carrytableware.com\/es\/wp-json\/wp\/v2\/media?parent=1779"}],"wp:term":[{"taxonomy":"product-category","embeddable":true,"href":"https:\/\/www.carrytableware.com\/es\/wp-json\/wp\/v2\/product-category?post=1779"}],"curies":[{"name":"wp","href":"https:\/\/api.w.org\/{rel}","templated":true}]}}