{"id":1784,"date":"2025-02-17T12:19:15","date_gmt":"2025-02-17T12:19:15","guid":{"rendered":"https:\/\/www.carrytableware.com\/es\/?post_type=product&#038;p=1784"},"modified":"2025-03-18T09:45:57","modified_gmt":"2025-03-18T09:45:57","slug":"kraft-paper-takeout-box","status":"publish","type":"product","link":"https:\/\/www.carrytableware.com\/es\/blog\/product\/kraft-paper-takeout-box\/","title":{"rendered":"Caja de papel kraft para llevar"},"content":{"rendered":"<p>Caja de papel kraft para llevar<br \/>\nMaterial: Papel<br \/>\nColor: Natural<br \/>\nTama\u00f1o: 750 ml, 1000 ml, 1300 ml, 1450 ml, 1900 ml o personalizado<br \/>\nEmbalaje: A granel<br \/>\nCaracter\u00edsticas: Ecol\u00f3gica, Compostable<br \/>\nPeso: Seg\u00fan el tama\u00f1o<br \/>\nOEM\/ODM disponible<br \/>\nPeso m\u00ednimo: 40\u00a0000 unidades<br \/>\nPlazo de entrega: 30-40 d\u00edas<br \/>\nConsejos: De un solo uso, 100\u00a0% ecol\u00f3gica y biodegradable.<\/p>\n<p>Mantenga la comida fresca por m\u00e1s tiempo: Las cajas de papel kraft marr\u00f3n para llevar son perfectas para mantener la comida fresca, as\u00ed como para refrigerar y calentar en el microondas comida para llevar o sobras. Tambi\u00e9n son una alternativa ecol\u00f3gica a las loncheras.<br \/>\nDise\u00f1o resistente al calor y a prueba de fugas: Estas cajas grandes fueron especialmente dise\u00f1adas para contener alimentos grasosos sin que se filtren l\u00edquidos. Sus comidas estar\u00e1n empaquetadas de forma segura en estos recipientes para llevar de tama\u00f1o viaje. Tambi\u00e9n son aptos para microondas. Perfecto para catering: ya sea que organices una fiesta o administres un negocio de servicio de alimentos, estos recipientes son perfectos para servir platos fr\u00edos y calientes.<\/p>\n","protected":false},"excerpt":{"rendered":"<p>Caja de papel kraft para llevar Material: Papel Color: Natural Tama\u00f1o: 750 ml, 1000 ml, 1300 ml, 1450 ml, 1900 ml o personalizado Embalaje: A granel Caracter\u00edsticas: Ecol\u00f3gica, Compostable Peso: Seg\u00fan el tama\u00f1o OEM\/ODM disponible Peso m\u00ednimo: 40\u00a0000 unidades Plazo de entrega: 30-40 d\u00edas Consejos: De un solo uso, 100\u00a0% ecol\u00f3gica y biodegradable. Mantenga la [&hellip;]<\/p>\n","protected":false},"featured_media":1969,"template":"","meta":{"_acf_changed":false},"product-category":[36],"class_list":["post-1784","product","type-product","status-publish","has-post-thumbnail","hentry","product-category-papel-papel"],"acf":[],"_links":{"self":[{"href":"https:\/\/www.carrytableware.com\/es\/wp-json\/wp\/v2\/product\/1784","targetHints":{"allow":["GET"]}}],"collection":[{"href":"https:\/\/www.carrytableware.com\/es\/wp-json\/wp\/v2\/product"}],"about":[{"href":"https:\/\/www.carrytableware.com\/es\/wp-json\/wp\/v2\/types\/product"}],"wp:featuredmedia":[{"embeddable":true,"href":"https:\/\/www.carrytableware.com\/es\/wp-json\/wp\/v2\/media\/1969"}],"wp:attachment":[{"href":"https:\/\/www.carrytableware.com\/es\/wp-json\/wp\/v2\/media?parent=1784"}],"wp:term":[{"taxonomy":"product-category","embeddable":true,"href":"https:\/\/www.carrytableware.com\/es\/wp-json\/wp\/v2\/product-category?post=1784"}],"curies":[{"name":"wp","href":"https:\/\/api.w.org\/{rel}","templated":true}]}}