{"id":1788,"date":"2025-02-17T12:20:43","date_gmt":"2025-02-17T12:20:43","guid":{"rendered":"https:\/\/www.carrytableware.com\/es\/?post_type=product&#038;p=1788"},"modified":"2025-03-18T09:45:21","modified_gmt":"2025-03-18T09:45:21","slug":"kraft-paper-bowl","status":"publish","type":"product","link":"https:\/\/www.carrytableware.com\/es\/blog\/product\/kraft-paper-bowl\/","title":{"rendered":"Cuenco de papel kraft"},"content":{"rendered":"<p>Taz\u00f3n de papel kraft<br \/>\nMaterial: papel<br \/>\nColor: natural<br \/>\nTama\u00f1o: 500 ml, 750 ml, 880 ml, 1000 ml, 1100 ml, 1300 ml, 1450 ml o personalizado<br \/>\nEmbalaje: a granel<br \/>\nCaracter\u00edsticas: ecol\u00f3gico, compostable<br \/>\nPeso: seg\u00fan el tama\u00f1o<br \/>\nOEM\/ODM disponible<br \/>\nPeso m\u00ednimo: 40\u00a0000 unidades<br \/>\nPlazo de entrega: 30-40 d\u00edas<br \/>\nConsejos: de un solo uso, 100\u00a0% ecol\u00f3gico y biodegradable.<\/p>\n<p>Tama\u00f1o perfecto: ideal para la dieta diaria, como ensaladas, filetes y espaguetis. Resistente y duradero, ideal para diversas ocasiones: fiestas, picnics, barbacoas, acampadas y refrigerios.<br \/>\nApto para microondas y congelador: Nuestros tazones son aptos para alimentos fr\u00edos y calientes. Se pueden meter en el microondas e incluso en el congelador. Los tazones de preparaci\u00f3n de comidas con anticipaci\u00f3n, el control de porciones diet\u00e9ticas, las comidas nutritivas y saludables y las comidas para llevar son s\u00faper convenientes.<\/p>\n","protected":false},"excerpt":{"rendered":"<p>Taz\u00f3n de papel kraft Material: papel Color: natural Tama\u00f1o: 500 ml, 750 ml, 880 ml, 1000 ml, 1100 ml, 1300 ml, 1450 ml o personalizado Embalaje: a granel Caracter\u00edsticas: ecol\u00f3gico, compostable Peso: seg\u00fan el tama\u00f1o OEM\/ODM disponible Peso m\u00ednimo: 40\u00a0000 unidades Plazo de entrega: 30-40 d\u00edas Consejos: de un solo uso, 100\u00a0% ecol\u00f3gico y biodegradable. [&hellip;]<\/p>\n","protected":false},"featured_media":1966,"template":"","meta":{"_acf_changed":false},"product-category":[36],"class_list":["post-1788","product","type-product","status-publish","has-post-thumbnail","hentry","product-category-papel-papel"],"acf":[],"_links":{"self":[{"href":"https:\/\/www.carrytableware.com\/es\/wp-json\/wp\/v2\/product\/1788","targetHints":{"allow":["GET"]}}],"collection":[{"href":"https:\/\/www.carrytableware.com\/es\/wp-json\/wp\/v2\/product"}],"about":[{"href":"https:\/\/www.carrytableware.com\/es\/wp-json\/wp\/v2\/types\/product"}],"wp:featuredmedia":[{"embeddable":true,"href":"https:\/\/www.carrytableware.com\/es\/wp-json\/wp\/v2\/media\/1966"}],"wp:attachment":[{"href":"https:\/\/www.carrytableware.com\/es\/wp-json\/wp\/v2\/media?parent=1788"}],"wp:term":[{"taxonomy":"product-category","embeddable":true,"href":"https:\/\/www.carrytableware.com\/es\/wp-json\/wp\/v2\/product-category?post=1788"}],"curies":[{"name":"wp","href":"https:\/\/api.w.org\/{rel}","templated":true}]}}