{"id":1791,"date":"2025-02-17T12:22:38","date_gmt":"2025-02-17T12:22:38","guid":{"rendered":"https:\/\/www.carrytableware.com\/es\/?post_type=product&#038;p=1791"},"modified":"2025-03-18T09:44:37","modified_gmt":"2025-03-18T09:44:37","slug":"kraft-paper-boat","status":"publish","type":"product","link":"https:\/\/www.carrytableware.com\/es\/blog\/product\/kraft-paper-boat\/","title":{"rendered":"Barco de papel kraft"},"content":{"rendered":"<p>Barco de papel kraft<br \/>\nMaterial: papel<br \/>\nColor: natural<br \/>\nTama\u00f1o: 57 x 96 x 170 mm, 50 x 85 x 137 mm, 47 x 80 x 121 mm, 43 x 67 x 110 mm, 40 x 61 x 100 mm, 33 x 50 x 85 mm, 28 x 48 x 76 mm o personalizado<br \/>\nEmbalaje: a granel<br \/>\nCaracter\u00edsticas: ecol\u00f3gico y compostable<br \/>\nPeso: seg\u00fan el tama\u00f1o<br \/>\nOEM\/ODM disponible<br \/>\nPedido m\u00ednimo: 40\u00a0000 unidades<br \/>\nPlazo de entrega: 30-40 d\u00edas<br \/>\nConsejos: de un solo uso, 100\u00a0% ecol\u00f3gico y biodegradable.<\/p>\n<p>El barquito de papel kraft es ideal para nachos, s\u00e1ndwiches, hamburguesas, papas fritas, ensaladas, frutas y m\u00e1s.<br \/>\nMaterial confiable: Nuestras bandejas para comida est\u00e1n hechas de papel kraft de grado alimenticio de 270 g\/m\u00b2, grueso, resistente, dif\u00edcil de romper y apto para microondas.<br \/>\nResistente a la grasa: El interior de estos barquitos de papel para comida est\u00e1 recubierto con una pel\u00edcula de PE de grado alimenticio de 20 g\/m\u00b2, que ofrece buena resistencia al agua y al aceite, lo que le permite disfrutar de la comida sin preocuparse por las manchas de aceite.<br \/>\nF\u00e1cil de desechar: Estos barquitos de papel desechables son una mejor alternativa a las bandejas de pl\u00e1stico comunes para comida. Olv\u00eddese de la tediosa limpieza: \u00faselos una vez y des\u00e9chelos sin temor a contaminarlos.<br \/>\nAmpliamente utilizado: Excelentes bandejas para servir comida en fiestas, noches de cine, puestos de comida, picnics, barbacoas, ferias, cines, restaurantes, bares, etc.<\/p>\n","protected":false},"excerpt":{"rendered":"<p>Barco de papel kraft Material: papel Color: natural Tama\u00f1o: 57 x 96 x 170 mm, 50 x 85 x 137 mm, 47 x 80 x 121 mm, 43 x 67 x 110 mm, 40 x 61 x 100 mm, 33 x 50 x 85 mm, 28 x 48 x 76 mm o personalizado Embalaje: a [&hellip;]<\/p>\n","protected":false},"featured_media":1959,"template":"","meta":{"_acf_changed":false},"product-category":[36],"class_list":["post-1791","product","type-product","status-publish","has-post-thumbnail","hentry","product-category-papel-papel"],"acf":[],"_links":{"self":[{"href":"https:\/\/www.carrytableware.com\/es\/wp-json\/wp\/v2\/product\/1791","targetHints":{"allow":["GET"]}}],"collection":[{"href":"https:\/\/www.carrytableware.com\/es\/wp-json\/wp\/v2\/product"}],"about":[{"href":"https:\/\/www.carrytableware.com\/es\/wp-json\/wp\/v2\/types\/product"}],"wp:featuredmedia":[{"embeddable":true,"href":"https:\/\/www.carrytableware.com\/es\/wp-json\/wp\/v2\/media\/1959"}],"wp:attachment":[{"href":"https:\/\/www.carrytableware.com\/es\/wp-json\/wp\/v2\/media?parent=1791"}],"wp:term":[{"taxonomy":"product-category","embeddable":true,"href":"https:\/\/www.carrytableware.com\/es\/wp-json\/wp\/v2\/product-category?post=1791"}],"curies":[{"name":"wp","href":"https:\/\/api.w.org\/{rel}","templated":true}]}}