{"id":1796,"date":"2025-02-17T12:23:57","date_gmt":"2025-02-17T12:23:57","guid":{"rendered":"https:\/\/www.carrytableware.com\/es\/?post_type=product&#038;p=1796"},"modified":"2025-03-18T09:43:39","modified_gmt":"2025-03-18T09:43:39","slug":"kraft-paper-plates","status":"publish","type":"product","link":"https:\/\/www.carrytableware.com\/es\/blog\/product\/kraft-paper-plates\/","title":{"rendered":"Platos de papel kraft"},"content":{"rendered":"<p>Plato de papel kraft<br \/>\nMaterial: Papel<br \/>\nColor: Natural<br \/>\nTama\u00f1o: 2 x 20 x 16,7 cm, 2,5 x 24,7 x 17,4 cm o personalizado<br \/>\nEmbalaje: A granel<br \/>\nCaracter\u00edsticas: Ecol\u00f3gico, compostable<br \/>\nPeso: Seg\u00fan el tama\u00f1o<br \/>\nOEM\/ODM disponible<br \/>\nPeso m\u00ednimo: 40\u00a0000 unidades<br \/>\nPlazo de entrega: 30-40 d\u00edas<br \/>\nConsejos: De un solo uso, 100\u00a0% ecol\u00f3gico y biodegradable.<\/p>\n<p>Hechos de papel kraft grueso natural, nuestros platos de papel kraft son biodegradables y compostables, lo que los convierte en una alternativa ecol\u00f3gica a los platos desechables tradicionales.<\/p>\n<p>Con una amplia gama de tama\u00f1os y estilos disponibles, nuestros platos de papel kraft son perfectos para servir comidas en fiestas, picnics, barbacoas y otros eventos.<\/p>\n<p>Son resistentes y duraderos, con capacidad para una variedad de alimentos sin doblarse ni gotear. Adem\u00e1s, son aptos para microondas y congelador, lo que los hace vers\u00e1tiles para todas sus necesidades de almacenamiento de alimentos.<\/p>\n","protected":false},"excerpt":{"rendered":"<p>Plato de papel kraft Material: Papel Color: Natural Tama\u00f1o: 2 x 20 x 16,7 cm, 2,5 x 24,7 x 17,4 cm o personalizado Embalaje: A granel Caracter\u00edsticas: Ecol\u00f3gico, compostable Peso: Seg\u00fan el tama\u00f1o OEM\/ODM disponible Peso m\u00ednimo: 40\u00a0000 unidades Plazo de entrega: 30-40 d\u00edas Consejos: De un solo uso, 100\u00a0% ecol\u00f3gico y biodegradable. Hechos de [&hellip;]<\/p>\n","protected":false},"featured_media":1958,"template":"","meta":{"_acf_changed":false},"product-category":[36],"class_list":["post-1796","product","type-product","status-publish","has-post-thumbnail","hentry","product-category-papel-papel"],"acf":[],"_links":{"self":[{"href":"https:\/\/www.carrytableware.com\/es\/wp-json\/wp\/v2\/product\/1796","targetHints":{"allow":["GET"]}}],"collection":[{"href":"https:\/\/www.carrytableware.com\/es\/wp-json\/wp\/v2\/product"}],"about":[{"href":"https:\/\/www.carrytableware.com\/es\/wp-json\/wp\/v2\/types\/product"}],"wp:featuredmedia":[{"embeddable":true,"href":"https:\/\/www.carrytableware.com\/es\/wp-json\/wp\/v2\/media\/1958"}],"wp:attachment":[{"href":"https:\/\/www.carrytableware.com\/es\/wp-json\/wp\/v2\/media?parent=1796"}],"wp:term":[{"taxonomy":"product-category","embeddable":true,"href":"https:\/\/www.carrytableware.com\/es\/wp-json\/wp\/v2\/product-category?post=1796"}],"curies":[{"name":"wp","href":"https:\/\/api.w.org\/{rel}","templated":true}]}}