{"id":1808,"date":"2025-02-17T12:28:15","date_gmt":"2025-02-17T12:28:15","guid":{"rendered":"https:\/\/www.carrytableware.com\/es\/?post_type=product&#038;p=1808"},"modified":"2025-03-18T09:36:23","modified_gmt":"2025-03-18T09:36:23","slug":"bagasse-paper-cups","status":"publish","type":"product","link":"https:\/\/www.carrytableware.com\/es\/blog\/product\/bagasse-paper-cups\/","title":{"rendered":"Vaso de papel de bagazo"},"content":{"rendered":"<p>Vaso de papel de bagazo<br \/>\nMaterial: Bagazo<br \/>\nColor: Natural\/Blanco<br \/>\nTama\u00f1o: 250 ml, 350 ml o personalizado<br \/>\nEmbalaje: A granel\/Envase de cart\u00f3n<br \/>\nCaracter\u00edsticas: Ecol\u00f3gico y compostable<br \/>\nPeso: Seg\u00fan el tama\u00f1o<br \/>\nOEM\/ODM disponible<br \/>\nCantidad m\u00ednima de pedido: 40\u00a0000 unidades<br \/>\nPlazo de entrega: 30-40 d\u00edas<br \/>\nConsejos: De un solo uso, 100\u00a0% ecol\u00f3gico y biodegradable.<\/p>\n<p>Hechos de bagazo de ca\u00f1a de az\u00facar, estos vasos no solo son biodegradables y compostables, sino tambi\u00e9n resistentes al agua y al aceite. Puede confiar en la calidad de estos vasos para todas sus necesidades de bebidas calientes. Con un dise\u00f1o resistente y capacidad para alimentos y bebidas calientes de hasta 212\u00a0\u00b0C, estos vasos son una opci\u00f3n vers\u00e1til y ecol\u00f3gica para cualquier evento.<\/p>\n<p>Usos aplicables de nuestros productos:<br \/>\n1. Rango de temperatura aplicable: -25\u00a0\u00b0C a 212\u00a0\u00b0C.<br \/>\n2. Resistente a \u2266100 \u2103 de aceite y \u2266100 \u2103 de agua.<br \/>\n3. Apto para refrigerador y congelador.<br \/>\n4. Apto para microondas.<br \/>\n5. Apto para horno: \u2266200 \u2103, \u22663 min.<\/p>\n","protected":false},"excerpt":{"rendered":"<p>Vaso de papel de bagazo Material: Bagazo Color: Natural\/Blanco Tama\u00f1o: 250 ml, 350 ml o personalizado Embalaje: A granel\/Envase de cart\u00f3n Caracter\u00edsticas: Ecol\u00f3gico y compostable Peso: Seg\u00fan el tama\u00f1o OEM\/ODM disponible Cantidad m\u00ednima de pedido: 40\u00a0000 unidades Plazo de entrega: 30-40 d\u00edas Consejos: De un solo uso, 100\u00a0% ecol\u00f3gico y biodegradable. Hechos de bagazo de [&hellip;]<\/p>\n","protected":false},"featured_media":1947,"template":"","meta":{"_acf_changed":false},"product-category":[34],"class_list":["post-1808","product","type-product","status-publish","has-post-thumbnail","hentry","product-category-cubiertos-de-bagazo"],"acf":[],"_links":{"self":[{"href":"https:\/\/www.carrytableware.com\/es\/wp-json\/wp\/v2\/product\/1808","targetHints":{"allow":["GET"]}}],"collection":[{"href":"https:\/\/www.carrytableware.com\/es\/wp-json\/wp\/v2\/product"}],"about":[{"href":"https:\/\/www.carrytableware.com\/es\/wp-json\/wp\/v2\/types\/product"}],"wp:featuredmedia":[{"embeddable":true,"href":"https:\/\/www.carrytableware.com\/es\/wp-json\/wp\/v2\/media\/1947"}],"wp:attachment":[{"href":"https:\/\/www.carrytableware.com\/es\/wp-json\/wp\/v2\/media?parent=1808"}],"wp:term":[{"taxonomy":"product-category","embeddable":true,"href":"https:\/\/www.carrytableware.com\/es\/wp-json\/wp\/v2\/product-category?post=1808"}],"curies":[{"name":"wp","href":"https:\/\/api.w.org\/{rel}","templated":true}]}}