{"id":1811,"date":"2025-02-17T12:29:54","date_gmt":"2025-02-17T12:29:54","guid":{"rendered":"https:\/\/www.carrytableware.com\/es\/?post_type=product&#038;p=1811"},"modified":"2025-03-18T09:38:38","modified_gmt":"2025-03-18T09:38:38","slug":"bagasse-plates","status":"publish","type":"product","link":"https:\/\/www.carrytableware.com\/es\/blog\/product\/bagasse-plates\/","title":{"rendered":"Plato de bagazo"},"content":{"rendered":"<p>Plato de Bagazo<br \/>\nMaterial de Bagazo<br \/>\nColor Blanco<br \/>\nTama\u00f1o: 15,24 cm, 18,18 cm, 23,5 cm, 28,32 cm o personalizado<br \/>\nEmbalaje a granel\/opp<br \/>\nCaracter\u00edsticas: Ecol\u00f3gico y compostable<br \/>\nPeso seg\u00fan el tama\u00f1o<br \/>\nOEM\/ODM disponible<br \/>\nPeso m\u00ednimo: 40000 unidades<br \/>\nPlazo de entrega: 30-40 d\u00edas<br \/>\nConsejos: De un solo uso, 100 % ecol\u00f3gico y biodegradable.<\/p>\n<p>Hecho de bagazo de ca\u00f1a de az\u00facar, este plato es biodegradable y compostable. Adem\u00e1s, es impermeable y resistente al aceite. Apto para microondas, refrigerador\/congelador y soporta alimentos y bebidas calientes hasta 212 \u00b0C.<\/p>\n<p>Usos de nuestros productos:<br \/>\n1. Rango de temperatura: -25 \u00b0C a 212 \u00b0C.<br \/>\n2. Resistente a \u2266100 \u00b0C de aceite y \u2266100 \u00b0C de agua.<\/p>\n<p>3. Apto para refrigerador y congelador.<br \/>\n4. Apto para microondas.<br \/>\n5. Apto para horno: \u2266200 \u2103, \u22663 min.<\/p>\n","protected":false},"excerpt":{"rendered":"<p>Plato de Bagazo Material de Bagazo Color Blanco Tama\u00f1o: 15,24 cm, 18,18 cm, 23,5 cm, 28,32 cm o personalizado Embalaje a granel\/opp Caracter\u00edsticas: Ecol\u00f3gico y compostable Peso seg\u00fan el tama\u00f1o OEM\/ODM disponible Peso m\u00ednimo: 40000 unidades Plazo de entrega: 30-40 d\u00edas Consejos: De un solo uso, 100 % ecol\u00f3gico y biodegradable. Hecho de bagazo de [&hellip;]<\/p>\n","protected":false},"featured_media":1941,"template":"","meta":{"_acf_changed":false},"product-category":[34],"class_list":["post-1811","product","type-product","status-publish","has-post-thumbnail","hentry","product-category-cubiertos-de-bagazo"],"acf":[],"_links":{"self":[{"href":"https:\/\/www.carrytableware.com\/es\/wp-json\/wp\/v2\/product\/1811","targetHints":{"allow":["GET"]}}],"collection":[{"href":"https:\/\/www.carrytableware.com\/es\/wp-json\/wp\/v2\/product"}],"about":[{"href":"https:\/\/www.carrytableware.com\/es\/wp-json\/wp\/v2\/types\/product"}],"wp:featuredmedia":[{"embeddable":true,"href":"https:\/\/www.carrytableware.com\/es\/wp-json\/wp\/v2\/media\/1941"}],"wp:attachment":[{"href":"https:\/\/www.carrytableware.com\/es\/wp-json\/wp\/v2\/media?parent=1811"}],"wp:term":[{"taxonomy":"product-category","embeddable":true,"href":"https:\/\/www.carrytableware.com\/es\/wp-json\/wp\/v2\/product-category?post=1811"}],"curies":[{"name":"wp","href":"https:\/\/api.w.org\/{rel}","templated":true}]}}