{"id":1817,"date":"2025-02-17T12:31:45","date_gmt":"2025-02-17T12:31:45","guid":{"rendered":"https:\/\/www.carrytableware.com\/es\/?post_type=product&#038;p=1817"},"modified":"2025-03-18T09:31:45","modified_gmt":"2025-03-18T09:31:45","slug":"bagasse-food-container","status":"publish","type":"product","link":"https:\/\/www.carrytableware.com\/es\/blog\/product\/bagasse-food-container\/","title":{"rendered":"Caja de hamburguesas de bagazo"},"content":{"rendered":"<p>Caja para Hamburguesas de Bagazo<br \/>\nMaterial: Bagazo<br \/>\nColor: Blanco<br \/>\nTama\u00f1o: 130 x 130 x 75 mm, 140 x 140 x 80 mm, 150 x 150 x 80 mm o personalizado<br \/>\nEmbalaje: A granel\/Opp<br \/>\nCaracter\u00edsticas: Ecol\u00f3gico y compostable<br \/>\nPeso: Seg\u00fan el tama\u00f1o<br \/>\nOEM\/ODM disponible<br \/>\nPeso m\u00ednimo: 30\u00a0000 unidades<br \/>\nPlazo de entrega: 30-40 d\u00edas<br \/>\nConsejos: De un solo uso, 100 % ecol\u00f3gico y biodegradable.<\/p>\n<p>Hecho de bagazo de ca\u00f1a de az\u00facar, este plato es biodegradable y compostable. Adem\u00e1s, es impermeable y resistente al aceite. Apto para microondas, refrigerador\/congelador, y admite alimentos y bebidas calientes hasta 212 \u00b0C.<br \/>\nAplicaci\u00f3n: Hogar, restaurante, hotel, bar, boda<br \/>\nUso: Contenedor para llevar, embalaje de alimentos, lonchera, hamburguesas, mesa.<\/p>\n","protected":false},"excerpt":{"rendered":"<p>Caja para Hamburguesas de Bagazo Material: Bagazo Color: Blanco Tama\u00f1o: 130 x 130 x 75 mm, 140 x 140 x 80 mm, 150 x 150 x 80 mm o personalizado Embalaje: A granel\/Opp Caracter\u00edsticas: Ecol\u00f3gico y compostable Peso: Seg\u00fan el tama\u00f1o OEM\/ODM disponible Peso m\u00ednimo: 30\u00a0000 unidades Plazo de entrega: 30-40 d\u00edas Consejos: De un [&hellip;]<\/p>\n","protected":false},"featured_media":1939,"template":"","meta":{"_acf_changed":false},"product-category":[34],"class_list":["post-1817","product","type-product","status-publish","has-post-thumbnail","hentry","product-category-cubiertos-de-bagazo"],"acf":[],"_links":{"self":[{"href":"https:\/\/www.carrytableware.com\/es\/wp-json\/wp\/v2\/product\/1817","targetHints":{"allow":["GET"]}}],"collection":[{"href":"https:\/\/www.carrytableware.com\/es\/wp-json\/wp\/v2\/product"}],"about":[{"href":"https:\/\/www.carrytableware.com\/es\/wp-json\/wp\/v2\/types\/product"}],"wp:featuredmedia":[{"embeddable":true,"href":"https:\/\/www.carrytableware.com\/es\/wp-json\/wp\/v2\/media\/1939"}],"wp:attachment":[{"href":"https:\/\/www.carrytableware.com\/es\/wp-json\/wp\/v2\/media?parent=1817"}],"wp:term":[{"taxonomy":"product-category","embeddable":true,"href":"https:\/\/www.carrytableware.com\/es\/wp-json\/wp\/v2\/product-category?post=1817"}],"curies":[{"name":"wp","href":"https:\/\/api.w.org\/{rel}","templated":true}]}}