{"id":1869,"date":"2025-02-18T07:27:59","date_gmt":"2025-02-18T07:27:59","guid":{"rendered":"https:\/\/www.carrytableware.com\/es\/?post_type=product&#038;p=1869"},"modified":"2025-03-18T09:31:06","modified_gmt":"2025-03-18T09:31:06","slug":"bamboo-teppo-skewers","status":"publish","type":"product","link":"https:\/\/www.carrytableware.com\/es\/blog\/product\/bamboo-teppo-skewers\/","title":{"rendered":"Brocheta de bamb\u00fa Teppo"},"content":{"rendered":"<p>Brocheta de bamb\u00fa Teppo<br \/>\nUso: Hogar, pub, restaurante, charcuter\u00eda, hotel<br \/>\nMaterial: bamb\u00fa<br \/>\nColor: natural\/amarillo<br \/>\nLongitud: 7 cm, 9 cm, 12 cm, 15 cm, 18 cm, 25 cm (personalizable)<br \/>\nEmbalaje: OPP<br \/>\nCaracter\u00edsticas: ecol\u00f3gico y compostable<br \/>\nPeso: seg\u00fan el tama\u00f1o<br \/>\nOEM\/ODM disponible<br \/>\nPeso m\u00ednimo: 100 000 unidades<br \/>\nPlazo de entrega: 30-40 d\u00edas<br \/>\nConsejos: de un solo uso, 100 % ecol\u00f3gico y biodegradable.<\/p>\n","protected":false},"excerpt":{"rendered":"<p>Brocheta de bamb\u00fa Teppo Uso: Hogar, pub, restaurante, charcuter\u00eda, hotel Material: bamb\u00fa Color: natural\/amarillo Longitud: 7 cm, 9 cm, 12 cm, 15 cm, 18 cm, 25 cm (personalizable) Embalaje: OPP Caracter\u00edsticas: ecol\u00f3gico y compostable Peso: seg\u00fan el tama\u00f1o OEM\/ODM disponible Peso m\u00ednimo: 100 000 unidades Plazo de entrega: 30-40 d\u00edas Consejos: de un solo uso, [&hellip;]<\/p>\n","protected":false},"featured_media":1933,"template":"","meta":{"_acf_changed":false},"product-category":[23],"class_list":["post-1869","product","type-product","status-publish","has-post-thumbnail","hentry","product-category-pincho-de-bambu"],"acf":[],"_links":{"self":[{"href":"https:\/\/www.carrytableware.com\/es\/wp-json\/wp\/v2\/product\/1869","targetHints":{"allow":["GET"]}}],"collection":[{"href":"https:\/\/www.carrytableware.com\/es\/wp-json\/wp\/v2\/product"}],"about":[{"href":"https:\/\/www.carrytableware.com\/es\/wp-json\/wp\/v2\/types\/product"}],"wp:featuredmedia":[{"embeddable":true,"href":"https:\/\/www.carrytableware.com\/es\/wp-json\/wp\/v2\/media\/1933"}],"wp:attachment":[{"href":"https:\/\/www.carrytableware.com\/es\/wp-json\/wp\/v2\/media?parent=1869"}],"wp:term":[{"taxonomy":"product-category","embeddable":true,"href":"https:\/\/www.carrytableware.com\/es\/wp-json\/wp\/v2\/product-category?post=1869"}],"curies":[{"name":"wp","href":"https:\/\/api.w.org\/{rel}","templated":true}]}}