{"id":2586,"date":"2025-06-12T03:10:34","date_gmt":"2025-06-12T03:10:34","guid":{"rendered":"https:\/\/www.carrytableware.com\/es\/?post_type=product&#038;p=2586"},"modified":"2025-06-12T03:10:34","modified_gmt":"2025-06-12T03:10:34","slug":"tabla-de-bambu","status":"publish","type":"product","link":"https:\/\/www.carrytableware.com\/es\/blog\/product\/tabla-de-bambu\/","title":{"rendered":"Tabla de bamb\u00fa"},"content":{"rendered":"<p>Tabla de bamb\u00fa<br \/>\nMaterial: Bamb\u00fa<br \/>\nColor: Natural<br \/>\nTama\u00f1o: 24,5 x 18 x 0,8 cm, 28 x 20,5 x 0,8 cm, 33 x 24 x 0,8 cm o personalizado<br \/>\nCaja de embalaje<br \/>\nCaracter\u00edsticas: Ecol\u00f3gico y compostable<br \/>\nPeso: Seg\u00fan el tama\u00f1o<br \/>\nDisponible con OEM\/ODM<br \/>\nPedido m\u00ednimo: 3000 unidades<br \/>\nPlazo de entrega: 30-40 d\u00edas<br \/>\n100 % ecol\u00f3gico y biodegradable<\/p>\n","protected":false},"excerpt":{"rendered":"<p>Tabla de bamb\u00fa Material: Bamb\u00fa Color: Natural Tama\u00f1o: 24,5 x 18 x 0,8 cm, 28 x 20,5 x 0,8 cm, 33 x 24 x 0,8 cm o personalizado Caja de embalaje Caracter\u00edsticas: Ecol\u00f3gico y compostable Peso: Seg\u00fan el tama\u00f1o Disponible con OEM\/ODM Pedido m\u00ednimo: 3000 unidades Plazo de entrega: 30-40 d\u00edas 100 % ecol\u00f3gico y [&hellip;]<\/p>\n","protected":false},"featured_media":2590,"template":"","meta":{"_acf_changed":false},"product-category":[38],"class_list":["post-2586","product","type-product","status-publish","has-post-thumbnail","hentry","product-category-tablero-de-bambu"],"acf":[],"_links":{"self":[{"href":"https:\/\/www.carrytableware.com\/es\/wp-json\/wp\/v2\/product\/2586","targetHints":{"allow":["GET"]}}],"collection":[{"href":"https:\/\/www.carrytableware.com\/es\/wp-json\/wp\/v2\/product"}],"about":[{"href":"https:\/\/www.carrytableware.com\/es\/wp-json\/wp\/v2\/types\/product"}],"wp:featuredmedia":[{"embeddable":true,"href":"https:\/\/www.carrytableware.com\/es\/wp-json\/wp\/v2\/media\/2590"}],"wp:attachment":[{"href":"https:\/\/www.carrytableware.com\/es\/wp-json\/wp\/v2\/media?parent=2586"}],"wp:term":[{"taxonomy":"product-category","embeddable":true,"href":"https:\/\/www.carrytableware.com\/es\/wp-json\/wp\/v2\/product-category?post=2586"}],"curies":[{"name":"wp","href":"https:\/\/api.w.org\/{rel}","templated":true}]}}