{"id":2599,"date":"2025-06-12T03:13:19","date_gmt":"2025-06-12T03:13:19","guid":{"rendered":"https:\/\/www.carrytableware.com\/es\/?post_type=product&#038;p=2599"},"modified":"2025-06-12T03:13:19","modified_gmt":"2025-06-12T03:13:19","slug":"bandeja-cuadrada-de-bambu","status":"publish","type":"product","link":"https:\/\/www.carrytableware.com\/es\/blog\/product\/bandeja-cuadrada-de-bambu\/","title":{"rendered":"Bandeja cuadrada de bamb\u00fa"},"content":{"rendered":"<p>Bandeja cuadrada de bamb\u00fa<br \/>\nMaterial: Bamb\u00fa<br \/>\nColor: Natural<br \/>\nTama\u00f1o: 45*29*6,5 cm, 37,5*21,6*6,5 cm, 41*25*6,5 cm o personalizado<br \/>\nCaja de embalaje<br \/>\nCaracter\u00edsticas: Ecol\u00f3gica y compostable<br \/>\nPeso: Seg\u00fan el tama\u00f1o<br \/>\nDisponible con OEM\/ODM<br \/>\nPedido m\u00ednimo: 3000 unidades<br \/>\nPlazo de entrega: 30-40 d\u00edas<br \/>\n100 % ecol\u00f3gica y biodegradable<\/p>\n","protected":false},"excerpt":{"rendered":"<p>Bandeja cuadrada de bamb\u00fa Material: Bamb\u00fa Color: Natural Tama\u00f1o: 45*29*6,5 cm, 37,5*21,6*6,5 cm, 41*25*6,5 cm o personalizado Caja de embalaje Caracter\u00edsticas: Ecol\u00f3gica y compostable Peso: Seg\u00fan el tama\u00f1o Disponible con OEM\/ODM Pedido m\u00ednimo: 3000 unidades Plazo de entrega: 30-40 d\u00edas 100 % ecol\u00f3gica y biodegradable<\/p>\n","protected":false},"featured_media":2594,"template":"","meta":{"_acf_changed":false},"product-category":[38],"class_list":["post-2599","product","type-product","status-publish","has-post-thumbnail","hentry","product-category-tablero-de-bambu"],"acf":[],"_links":{"self":[{"href":"https:\/\/www.carrytableware.com\/es\/wp-json\/wp\/v2\/product\/2599","targetHints":{"allow":["GET"]}}],"collection":[{"href":"https:\/\/www.carrytableware.com\/es\/wp-json\/wp\/v2\/product"}],"about":[{"href":"https:\/\/www.carrytableware.com\/es\/wp-json\/wp\/v2\/types\/product"}],"wp:featuredmedia":[{"embeddable":true,"href":"https:\/\/www.carrytableware.com\/es\/wp-json\/wp\/v2\/media\/2594"}],"wp:attachment":[{"href":"https:\/\/www.carrytableware.com\/es\/wp-json\/wp\/v2\/media?parent=2599"}],"wp:term":[{"taxonomy":"product-category","embeddable":true,"href":"https:\/\/www.carrytableware.com\/es\/wp-json\/wp\/v2\/product-category?post=2599"}],"curies":[{"name":"wp","href":"https:\/\/api.w.org\/{rel}","templated":true}]}}