{"id":2607,"date":"2025-06-12T09:31:19","date_gmt":"2025-06-12T09:31:19","guid":{"rendered":"https:\/\/www.carrytableware.com\/es\/?post_type=product&#038;p=2607"},"modified":"2025-06-12T09:31:19","modified_gmt":"2025-06-12T09:31:19","slug":"bandeja-de-bambu-de-5-secciones","status":"publish","type":"product","link":"https:\/\/www.carrytableware.com\/es\/blog\/product\/bandeja-de-bambu-de-5-secciones\/","title":{"rendered":"Bandeja de bamb\u00fa de 5 secciones"},"content":{"rendered":"<p>Bandeja de bamb\u00fa de 5 secciones<br \/>\nMaterial: bamb\u00fa<br \/>\nColor: natural<br \/>\nTama\u00f1o personalizado<br \/>\nCaja de embalaje<br \/>\nCaracter\u00edsticas: ecol\u00f3gica y compostable<br \/>\nPeso seg\u00fan el tama\u00f1o<br \/>\nOEM\/ODM disponible<br \/>\nPedido m\u00ednimo: 3000 unidades<br \/>\nPlazo de entrega: 30-40 d\u00edas<br \/>\n100 % ecol\u00f3gica y biodegradable<\/p>\n","protected":false},"excerpt":{"rendered":"<p>Bandeja de bamb\u00fa de 5 secciones Material: bamb\u00fa Color: natural Tama\u00f1o personalizado Caja de embalaje Caracter\u00edsticas: ecol\u00f3gica y compostable Peso seg\u00fan el tama\u00f1o OEM\/ODM disponible Pedido m\u00ednimo: 3000 unidades Plazo de entrega: 30-40 d\u00edas 100 % ecol\u00f3gica y biodegradable<\/p>\n","protected":false},"featured_media":2605,"template":"","meta":{"_acf_changed":false},"product-category":[38],"class_list":["post-2607","product","type-product","status-publish","has-post-thumbnail","hentry","product-category-tablero-de-bambu"],"acf":[],"_links":{"self":[{"href":"https:\/\/www.carrytableware.com\/es\/wp-json\/wp\/v2\/product\/2607","targetHints":{"allow":["GET"]}}],"collection":[{"href":"https:\/\/www.carrytableware.com\/es\/wp-json\/wp\/v2\/product"}],"about":[{"href":"https:\/\/www.carrytableware.com\/es\/wp-json\/wp\/v2\/types\/product"}],"wp:featuredmedia":[{"embeddable":true,"href":"https:\/\/www.carrytableware.com\/es\/wp-json\/wp\/v2\/media\/2605"}],"wp:attachment":[{"href":"https:\/\/www.carrytableware.com\/es\/wp-json\/wp\/v2\/media?parent=2607"}],"wp:term":[{"taxonomy":"product-category","embeddable":true,"href":"https:\/\/www.carrytableware.com\/es\/wp-json\/wp\/v2\/product-category?post=2607"}],"curies":[{"name":"wp","href":"https:\/\/api.w.org\/{rel}","templated":true}]}}