{"id":1600,"date":"2025-02-16T03:14:07","date_gmt":"2025-02-16T03:14:07","guid":{"rendered":"https:\/\/www.carrytableware.com\/fr\/?post_type=product&#038;p=1600"},"modified":"2025-03-18T09:12:57","modified_gmt":"2025-03-18T09:12:57","slug":"bamboo-toothpicks-with-mint","status":"publish","type":"product","link":"https:\/\/www.carrytableware.com\/fr\/blog\/product\/bamboo-toothpicks-with-mint\/","title":{"rendered":"Cure-dents en bambou \u00e0 la menthe"},"content":{"rendered":"<p>Cure-dents en bambou<br \/>\nUtilisation : Maison, pub, restaurant, \u00e9picerie fine, h\u00f4tel<br \/>\nMat\u00e9riau : Bambou ou bois<br \/>\nCouleur : Naturel<br \/>\nDimensions : 6,5 cm x 2 mm, 6,5 cm x 1,8 mm ou sur mesure<br \/>\nEmballage : Vrac, OPP, papier<br \/>\nCaract\u00e9ristiques : \u00c9cologique, compostable<br \/>\nPoids selon la taille<br \/>\nOEM\/ODM disponible<br \/>\nQuantit\u00e9 minimale de commande : 100\u00a0000 pi\u00e8ces<br \/>\nD\u00e9lai de livraison : 30 \u00e0 40 jours<br \/>\nConseils : Usage unique, 100 % \u00e9cologique et biod\u00e9gradable.<br \/>\nCure-dents en bambou infus\u00e9 \u00e0 la menthe pour rafra\u00eechir votre bouche apr\u00e8s utilisation. Lisse et robuste, il nettoie vos dents en toute s\u00e9curit\u00e9.<\/p>\n","protected":false},"excerpt":{"rendered":"<p>Cure-dents en bambou Utilisation : Maison, pub, restaurant, \u00e9picerie fine, h\u00f4tel Mat\u00e9riau : Bambou ou bois Couleur : Naturel Dimensions : 6,5 cm x 2 mm, 6,5 cm x 1,8 mm ou sur mesure Emballage : Vrac, OPP, papier Caract\u00e9ristiques : \u00c9cologique, compostable Poids selon la taille OEM\/ODM disponible Quantit\u00e9 minimale de commande : 100\u00a0000 [&hellip;]<\/p>\n","protected":false},"featured_media":2126,"template":"","meta":{"_acf_changed":false},"product-category":[24],"class_list":["post-1600","product","type-product","status-publish","has-post-thumbnail","hentry","product-category-cure-dents"],"acf":[],"_links":{"self":[{"href":"https:\/\/www.carrytableware.com\/fr\/wp-json\/wp\/v2\/product\/1600","targetHints":{"allow":["GET"]}}],"collection":[{"href":"https:\/\/www.carrytableware.com\/fr\/wp-json\/wp\/v2\/product"}],"about":[{"href":"https:\/\/www.carrytableware.com\/fr\/wp-json\/wp\/v2\/types\/product"}],"wp:featuredmedia":[{"embeddable":true,"href":"https:\/\/www.carrytableware.com\/fr\/wp-json\/wp\/v2\/media\/2126"}],"wp:attachment":[{"href":"https:\/\/www.carrytableware.com\/fr\/wp-json\/wp\/v2\/media?parent=1600"}],"wp:term":[{"taxonomy":"product-category","embeddable":true,"href":"https:\/\/www.carrytableware.com\/fr\/wp-json\/wp\/v2\/product-category?post=1600"}],"curies":[{"name":"wp","href":"https:\/\/api.w.org\/{rel}","templated":true}]}}