{"id":1623,"date":"2025-02-17T09:45:54","date_gmt":"2025-02-17T09:45:54","guid":{"rendered":"https:\/\/www.carrytableware.com\/fr\/?post_type=product&#038;p=1623"},"modified":"2025-03-18T09:11:18","modified_gmt":"2025-03-18T09:11:18","slug":"bamboo-round-chopsticks","status":"publish","type":"product","link":"https:\/\/www.carrytableware.com\/fr\/blog\/product\/bamboo-round-chopsticks\/","title":{"rendered":"Baguettes rondes en bambou"},"content":{"rendered":"<p>Baguettes rondes en bambou<br \/>\nUtilisation : Maison, Pub, Restaurant, \u00c9picerie fine, H\u00f4tel<br \/>\nMat\u00e9riau : Bambou Mao<br \/>\nCouleur : Naturel<br \/>\nDimensions : 4,5\/5,0\/5,5\/6,0 mm de diam\u00e8tre et 19,5\/20\/22\/22,5 cm de longueur, ou sur mesure<br \/>\nEmballage : Vrac\/OPP\/Papier<br \/>\nCaract\u00e9ristiques : \u00c9cologiques, compostables<br \/>\nPoids selon la taille<br \/>\nOEM\/ODM disponibles<br \/>\nQuantit\u00e9 minimale de commande : 100\u00a0000 pi\u00e8ces<br \/>\nD\u00e9lai de livraison : 30 \u00e0 40 jours<br \/>\nConseils : Usage unique, 100 % \u00e9cologique et biod\u00e9gradable.<\/p>\n","protected":false},"excerpt":{"rendered":"<p>Baguettes rondes en bambou Utilisation : Maison, Pub, Restaurant, \u00c9picerie fine, H\u00f4tel Mat\u00e9riau : Bambou Mao Couleur : Naturel Dimensions : 4,5\/5,0\/5,5\/6,0 mm de diam\u00e8tre et 19,5\/20\/22\/22,5 cm de longueur, ou sur mesure Emballage : Vrac\/OPP\/Papier Caract\u00e9ristiques : \u00c9cologiques, compostables Poids selon la taille OEM\/ODM disponibles Quantit\u00e9 minimale de commande : 100\u00a0000 pi\u00e8ces D\u00e9lai de [&hellip;]<\/p>\n","protected":false},"featured_media":2118,"template":"","meta":{"_acf_changed":false},"product-category":[28],"class_list":["post-1623","product","type-product","status-publish","has-post-thumbnail","hentry","product-category-couverts-bambou"],"acf":[],"_links":{"self":[{"href":"https:\/\/www.carrytableware.com\/fr\/wp-json\/wp\/v2\/product\/1623","targetHints":{"allow":["GET"]}}],"collection":[{"href":"https:\/\/www.carrytableware.com\/fr\/wp-json\/wp\/v2\/product"}],"about":[{"href":"https:\/\/www.carrytableware.com\/fr\/wp-json\/wp\/v2\/types\/product"}],"wp:featuredmedia":[{"embeddable":true,"href":"https:\/\/www.carrytableware.com\/fr\/wp-json\/wp\/v2\/media\/2118"}],"wp:attachment":[{"href":"https:\/\/www.carrytableware.com\/fr\/wp-json\/wp\/v2\/media?parent=1623"}],"wp:term":[{"taxonomy":"product-category","embeddable":true,"href":"https:\/\/www.carrytableware.com\/fr\/wp-json\/wp\/v2\/product-category?post=1623"}],"curies":[{"name":"wp","href":"https:\/\/api.w.org\/{rel}","templated":true}]}}