{"id":1632,"date":"2025-02-17T10:05:03","date_gmt":"2025-02-17T10:05:03","guid":{"rendered":"https:\/\/www.carrytableware.com\/fr\/?post_type=product&#038;p=1632"},"modified":"2025-03-18T09:09:20","modified_gmt":"2025-03-18T09:09:20","slug":"bamboo-fruit-fork","status":"publish","type":"product","link":"https:\/\/www.carrytableware.com\/fr\/blog\/product\/bamboo-fruit-fork\/","title":{"rendered":"Fourchette \u00e0 fruits en bambou"},"content":{"rendered":"<p>Fourchette \u00e0 fruits en bambou<br \/>\nApplication\u00a0: Maison, pub, restaurant, \u00e9picerie fine, h\u00f4tel<br \/>\nMat\u00e9riau\u00a0: bambou Mao<br \/>\nCouleur\u00a0: naturel<br \/>\nDimensions : 9cm\u00a0 10 cm de long ou sur mesure<br \/>\nEmballage\u00a0: vrac, OPP, papier<br \/>\nCaract\u00e9ristiques\u00a0: \u00e9cologique, compostable<br \/>\nPoids\u00a0: selon la taille<br \/>\nOEM\/ODM disponible<br \/>\nQuantit\u00e9 minimale de commande\u00a0: 100\u00a0000 pi\u00e8ces<br \/>\nD\u00e9lai de livraison\u00a0: 30 \u00e0 40\u00a0jours<br \/>\nConseils\u00a0: \u00e0 usage unique, 100\u00a0% \u00e9cologique et biod\u00e9gradable.<\/p>\n","protected":false},"excerpt":{"rendered":"<p>Fourchette \u00e0 fruits en bambou Application\u00a0: Maison, pub, restaurant, \u00e9picerie fine, h\u00f4tel Mat\u00e9riau\u00a0: bambou Mao Couleur\u00a0: naturel Dimensions : 9cm\u00a0 10 cm de long ou sur mesure Emballage\u00a0: vrac, OPP, papier Caract\u00e9ristiques\u00a0: \u00e9cologique, compostable Poids\u00a0: selon la taille OEM\/ODM disponible Quantit\u00e9 minimale de commande\u00a0: 100\u00a0000 pi\u00e8ces D\u00e9lai de livraison\u00a0: 30 \u00e0 40\u00a0jours Conseils\u00a0: \u00e0 usage [&hellip;]<\/p>\n","protected":false},"featured_media":2111,"template":"","meta":{"_acf_changed":false},"product-category":[28],"class_list":["post-1632","product","type-product","status-publish","has-post-thumbnail","hentry","product-category-couverts-bambou"],"acf":[],"_links":{"self":[{"href":"https:\/\/www.carrytableware.com\/fr\/wp-json\/wp\/v2\/product\/1632","targetHints":{"allow":["GET"]}}],"collection":[{"href":"https:\/\/www.carrytableware.com\/fr\/wp-json\/wp\/v2\/product"}],"about":[{"href":"https:\/\/www.carrytableware.com\/fr\/wp-json\/wp\/v2\/types\/product"}],"wp:featuredmedia":[{"embeddable":true,"href":"https:\/\/www.carrytableware.com\/fr\/wp-json\/wp\/v2\/media\/2111"}],"wp:attachment":[{"href":"https:\/\/www.carrytableware.com\/fr\/wp-json\/wp\/v2\/media?parent=1632"}],"wp:term":[{"taxonomy":"product-category","embeddable":true,"href":"https:\/\/www.carrytableware.com\/fr\/wp-json\/wp\/v2\/product-category?post=1632"}],"curies":[{"name":"wp","href":"https:\/\/api.w.org\/{rel}","templated":true}]}}