{"id":1641,"date":"2025-02-17T10:24:36","date_gmt":"2025-02-17T10:24:36","guid":{"rendered":"https:\/\/www.carrytableware.com\/fr\/?post_type=product&#038;p=1641"},"modified":"2025-03-18T09:07:02","modified_gmt":"2025-03-18T09:07:02","slug":"bamboo-knife","status":"publish","type":"product","link":"https:\/\/www.carrytableware.com\/fr\/blog\/product\/bamboo-knife\/","title":{"rendered":"Couteau en bambou"},"content":{"rendered":"<p>Couverts en bambou<br \/>\nApplication\u00a0: Restaurant, \u00e9picerie fine, cha\u00eene de restauration rapide<br \/>\nMat\u00e9riau\u00a0: 100\u00a0% bambou naturel<br \/>\nCouleur\u00a0: brun carbonis\u00e9 ou naturel<br \/>\nTaille\u00a0: 17\u00a0cm ou sur mesure<br \/>\nCaract\u00e9ristiques\u00a0: \u00c9cologique, compostable<br \/>\nPoids\u00a0: selon la taille<br \/>\nOEM\/ODM disponible<br \/>\nQuantit\u00e9 minimale de commande\u00a0: 10\u00a0000\u00a0pi\u00e8ces<br \/>\nD\u00e9lai de livraison\u00a0: 30 \u00e0 40\u00a0jours<br \/>\nConseils\u00a0: Usage unique, 100\u00a0% \u00e9cologique et biod\u00e9gradable.<\/p>\n","protected":false},"excerpt":{"rendered":"<p>Couverts en bambou Application\u00a0: Restaurant, \u00e9picerie fine, cha\u00eene de restauration rapide Mat\u00e9riau\u00a0: 100\u00a0% bambou naturel Couleur\u00a0: brun carbonis\u00e9 ou naturel Taille\u00a0: 17\u00a0cm ou sur mesure Caract\u00e9ristiques\u00a0: \u00c9cologique, compostable Poids\u00a0: selon la taille OEM\/ODM disponible Quantit\u00e9 minimale de commande\u00a0: 10\u00a0000\u00a0pi\u00e8ces D\u00e9lai de livraison\u00a0: 30 \u00e0 40\u00a0jours Conseils\u00a0: Usage unique, 100\u00a0% \u00e9cologique et biod\u00e9gradable.<\/p>\n","protected":false},"featured_media":2106,"template":"","meta":{"_acf_changed":false},"product-category":[28],"class_list":["post-1641","product","type-product","status-publish","has-post-thumbnail","hentry","product-category-couverts-bambou"],"acf":[],"_links":{"self":[{"href":"https:\/\/www.carrytableware.com\/fr\/wp-json\/wp\/v2\/product\/1641","targetHints":{"allow":["GET"]}}],"collection":[{"href":"https:\/\/www.carrytableware.com\/fr\/wp-json\/wp\/v2\/product"}],"about":[{"href":"https:\/\/www.carrytableware.com\/fr\/wp-json\/wp\/v2\/types\/product"}],"wp:featuredmedia":[{"embeddable":true,"href":"https:\/\/www.carrytableware.com\/fr\/wp-json\/wp\/v2\/media\/2106"}],"wp:attachment":[{"href":"https:\/\/www.carrytableware.com\/fr\/wp-json\/wp\/v2\/media?parent=1641"}],"wp:term":[{"taxonomy":"product-category","embeddable":true,"href":"https:\/\/www.carrytableware.com\/fr\/wp-json\/wp\/v2\/product-category?post=1641"}],"curies":[{"name":"wp","href":"https:\/\/api.w.org\/{rel}","templated":true}]}}