{"id":1644,"date":"2025-02-17T10:26:05","date_gmt":"2025-02-17T10:26:05","guid":{"rendered":"https:\/\/www.carrytableware.com\/fr\/?post_type=product&#038;p=1644"},"modified":"2025-03-18T09:06:32","modified_gmt":"2025-03-18T09:06:32","slug":"bamboo-cutlery-set","status":"publish","type":"product","link":"https:\/\/www.carrytableware.com\/fr\/blog\/product\/bamboo-cutlery-set\/","title":{"rendered":"Ensemble de couverts en bambou"},"content":{"rendered":"<p>Ensemble de couverts en bambou<br \/>\nUtilisation : Restaurant, traiteur, cha\u00eene de restauration rapide<br \/>\nMat\u00e9riau : 100 % bambou naturel<br \/>\nCouleur : Naturel<br \/>\nTaille : 17 cm<br \/>\nCaract\u00e9ristiques : \u00c9cologique, compostable<br \/>\nPoids : selon la taille<br \/>\nOEM\/ODM disponible<br \/>\nQuantit\u00e9 minimale de commande : 2\u00a0000 USD<br \/>\nD\u00e9lai de livraison : 30 \u00e0 40 jours<br \/>\nConseils : Usage unique, 100 % \u00e9cologique et biod\u00e9gradable.<\/p>\n<p>&nbsp;<\/p>\n","protected":false},"excerpt":{"rendered":"<p>Ensemble de couverts en bambou Utilisation : Restaurant, traiteur, cha\u00eene de restauration rapide Mat\u00e9riau : 100 % bambou naturel Couleur : Naturel Taille : 17 cm Caract\u00e9ristiques : \u00c9cologique, compostable Poids : selon la taille OEM\/ODM disponible Quantit\u00e9 minimale de commande : 2\u00a0000 USD D\u00e9lai de livraison : 30 \u00e0 40 jours Conseils : Usage [&hellip;]<\/p>\n","protected":false},"featured_media":2104,"template":"","meta":{"_acf_changed":false},"product-category":[28],"class_list":["post-1644","product","type-product","status-publish","has-post-thumbnail","hentry","product-category-couverts-bambou"],"acf":[],"_links":{"self":[{"href":"https:\/\/www.carrytableware.com\/fr\/wp-json\/wp\/v2\/product\/1644","targetHints":{"allow":["GET"]}}],"collection":[{"href":"https:\/\/www.carrytableware.com\/fr\/wp-json\/wp\/v2\/product"}],"about":[{"href":"https:\/\/www.carrytableware.com\/fr\/wp-json\/wp\/v2\/types\/product"}],"wp:featuredmedia":[{"embeddable":true,"href":"https:\/\/www.carrytableware.com\/fr\/wp-json\/wp\/v2\/media\/2104"}],"wp:attachment":[{"href":"https:\/\/www.carrytableware.com\/fr\/wp-json\/wp\/v2\/media?parent=1644"}],"wp:term":[{"taxonomy":"product-category","embeddable":true,"href":"https:\/\/www.carrytableware.com\/fr\/wp-json\/wp\/v2\/product-category?post=1644"}],"curies":[{"name":"wp","href":"https:\/\/api.w.org\/{rel}","templated":true}]}}