{"id":1646,"date":"2025-02-17T10:30:36","date_gmt":"2025-02-17T10:30:36","guid":{"rendered":"https:\/\/www.carrytableware.com\/fr\/?post_type=product&#038;p=1646"},"modified":"2025-03-18T09:05:45","modified_gmt":"2025-03-18T09:05:45","slug":"bamboo-knot-picks","status":"publish","type":"product","link":"https:\/\/www.carrytableware.com\/fr\/blog\/product\/bamboo-knot-picks\/","title":{"rendered":"Pic \u00e0 n\u0153uds en bambou"},"content":{"rendered":"<p>Cure-n\u0153uds en bambou<br \/>\nApplication\u00a0: Maison, pub, restaurant, \u00e9picerie fine, h\u00f4tel<br \/>\nMat\u00e9riau\u00a0: bambou<br \/>\nCouleur\u00a0: naturel\/noir\/rouge<br \/>\nDimensions\u00a0: 6\/9\/12\/15\/18\u00a0cm de long ou sur mesure<br \/>\nEmballage\u00a0: en vrac<br \/>\nCaract\u00e9ristiques\u00a0: \u00e9cologique, compostable<br \/>\nPoids\u00a0: selon la taille<br \/>\nOEM\/ODM disponible<br \/>\nQuantit\u00e9 minimale de commande\u00a0: 100\u00a0000 pi\u00e8ces<br \/>\nD\u00e9lai de livraison\u00a0: 30 \u00e0 40\u00a0jours<br \/>\nConseils\u00a0: \u00e0 usage unique, 100\u00a0% \u00e9cologique et biod\u00e9gradable.<\/p>\n","protected":false},"excerpt":{"rendered":"<p>Cure-n\u0153uds en bambou Application\u00a0: Maison, pub, restaurant, \u00e9picerie fine, h\u00f4tel Mat\u00e9riau\u00a0: bambou Couleur\u00a0: naturel\/noir\/rouge Dimensions\u00a0: 6\/9\/12\/15\/18\u00a0cm de long ou sur mesure Emballage\u00a0: en vrac Caract\u00e9ristiques\u00a0: \u00e9cologique, compostable Poids\u00a0: selon la taille OEM\/ODM disponible Quantit\u00e9 minimale de commande\u00a0: 100\u00a0000 pi\u00e8ces D\u00e9lai de livraison\u00a0: 30 \u00e0 40\u00a0jours Conseils\u00a0: \u00e0 usage unique, 100\u00a0% \u00e9cologique et biod\u00e9gradable.<\/p>\n","protected":false},"featured_media":2100,"template":"","meta":{"_acf_changed":false},"product-category":[29],"class_list":["post-1646","product","type-product","status-publish","has-post-thumbnail","hentry","product-category-pics-a-cocktail-bambou"],"acf":[],"_links":{"self":[{"href":"https:\/\/www.carrytableware.com\/fr\/wp-json\/wp\/v2\/product\/1646","targetHints":{"allow":["GET"]}}],"collection":[{"href":"https:\/\/www.carrytableware.com\/fr\/wp-json\/wp\/v2\/product"}],"about":[{"href":"https:\/\/www.carrytableware.com\/fr\/wp-json\/wp\/v2\/types\/product"}],"wp:featuredmedia":[{"embeddable":true,"href":"https:\/\/www.carrytableware.com\/fr\/wp-json\/wp\/v2\/media\/2100"}],"wp:attachment":[{"href":"https:\/\/www.carrytableware.com\/fr\/wp-json\/wp\/v2\/media?parent=1646"}],"wp:term":[{"taxonomy":"product-category","embeddable":true,"href":"https:\/\/www.carrytableware.com\/fr\/wp-json\/wp\/v2\/product-category?post=1646"}],"curies":[{"name":"wp","href":"https:\/\/api.w.org\/{rel}","templated":true}]}}