{"id":1661,"date":"2025-02-17T10:52:48","date_gmt":"2025-02-17T10:52:48","guid":{"rendered":"https:\/\/www.carrytableware.com\/fr\/?post_type=product&#038;p=1661"},"modified":"2025-03-19T07:52:54","modified_gmt":"2025-03-19T07:52:54","slug":"bamboo-racket-skewers","status":"publish","type":"product","link":"https:\/\/www.carrytableware.com\/fr\/blog\/product\/bamboo-racket-skewers\/","title":{"rendered":"Brochette en bois"},"content":{"rendered":"<p>brochette en bois<\/p>\n<p>Utilisation : Maison, pub, restaurant, \u00e9picerie fine, h\u00f4tel<br \/>\nMat\u00e9riau : Bois<br \/>\nCouleur : naturel<br \/>\nDimensions : 10,13 cm de long ou sur mesure<br \/>\nEmballage : en vrac<br \/>\nCaract\u00e9ristiques : \u00e9cologique, compostable<br \/>\nPoids selon la taille<br \/>\nOEM\/ODM disponible<br \/>\nQuantit\u00e9 minimale de commande : 100\u00a0000 pi\u00e8ces<br \/>\nD\u00e9lai de livraison : 30 \u00e0 40 jours<br \/>\nConseils : \u00e0 usage unique, 100 % \u00e9cologique et biod\u00e9gradable.<\/p>\n","protected":false},"excerpt":{"rendered":"<p>brochette en bois Utilisation : Maison, pub, restaurant, \u00e9picerie fine, h\u00f4tel Mat\u00e9riau : Bois Couleur : naturel Dimensions : 10,13 cm de long ou sur mesure Emballage : en vrac Caract\u00e9ristiques : \u00e9cologique, compostable Poids selon la taille OEM\/ODM disponible Quantit\u00e9 minimale de commande : 100\u00a0000 pi\u00e8ces D\u00e9lai de livraison : 30 \u00e0 40 jours [&hellip;]<\/p>\n","protected":false},"featured_media":2076,"template":"","meta":{"_acf_changed":false},"product-category":[33],"class_list":["post-1661","product","type-product","status-publish","has-post-thumbnail","hentry","product-category-autre-bois"],"acf":[],"_links":{"self":[{"href":"https:\/\/www.carrytableware.com\/fr\/wp-json\/wp\/v2\/product\/1661","targetHints":{"allow":["GET"]}}],"collection":[{"href":"https:\/\/www.carrytableware.com\/fr\/wp-json\/wp\/v2\/product"}],"about":[{"href":"https:\/\/www.carrytableware.com\/fr\/wp-json\/wp\/v2\/types\/product"}],"wp:featuredmedia":[{"embeddable":true,"href":"https:\/\/www.carrytableware.com\/fr\/wp-json\/wp\/v2\/media\/2076"}],"wp:attachment":[{"href":"https:\/\/www.carrytableware.com\/fr\/wp-json\/wp\/v2\/media?parent=1661"}],"wp:term":[{"taxonomy":"product-category","embeddable":true,"href":"https:\/\/www.carrytableware.com\/fr\/wp-json\/wp\/v2\/product-category?post=1661"}],"curies":[{"name":"wp","href":"https:\/\/api.w.org\/{rel}","templated":true}]}}