{"id":1683,"date":"2025-02-17T11:10:29","date_gmt":"2025-02-17T11:10:29","guid":{"rendered":"https:\/\/www.carrytableware.com\/fr\/?post_type=product&#038;p=1683"},"modified":"2025-03-18T08:56:57","modified_gmt":"2025-03-18T08:56:57","slug":"bamboo-ice-cream-sticks","status":"publish","type":"product","link":"https:\/\/www.carrytableware.com\/fr\/blog\/product\/bamboo-ice-cream-sticks\/","title":{"rendered":"B\u00e2tonnet de glace en bambou"},"content":{"rendered":"<p>B\u00e2tonnets de glace en bambou<br \/>\nApplications\u00a0: Maison, pub, restaurant, \u00e9picerie fine, h\u00f4tel<br \/>\nMat\u00e9riau\u00a0: bambou<br \/>\nCouleur\u00a0: naturel<br \/>\nDimensions\u00a0: 93\u00a0mm x 10\u00a0mm x 2\u00a0mm\/114\u00a0mm x 10\u00a0mm x 2\u00a0mm. Autres dimensions disponibles. Personnalisation du logo possible.<br \/>\nEmballage\u00a0: OPP<br \/>\nCaract\u00e9ristiques\u00a0: \u00e9cologique, compostable<br \/>\nPoids\u00a0: selon la taille<br \/>\nOEM\/ODM disponible<br \/>\nQuantit\u00e9 minimale de commande\u00a0: 100\u00a0000 pi\u00e8ces<br \/>\nD\u00e9lai de livraison\u00a0: 30 \u00e0 40\u00a0jours<br \/>\nConseils\u00a0: \u00e0 usage unique, 100\u00a0% \u00e9cologique et biod\u00e9gradable.<\/p>\n","protected":false},"excerpt":{"rendered":"<p>B\u00e2tonnets de glace en bambou Applications\u00a0: Maison, pub, restaurant, \u00e9picerie fine, h\u00f4tel Mat\u00e9riau\u00a0: bambou Couleur\u00a0: naturel Dimensions\u00a0: 93\u00a0mm x 10\u00a0mm x 2\u00a0mm\/114\u00a0mm x 10\u00a0mm x 2\u00a0mm. Autres dimensions disponibles. Personnalisation du logo possible. Emballage\u00a0: OPP Caract\u00e9ristiques\u00a0: \u00e9cologique, compostable Poids\u00a0: selon la taille OEM\/ODM disponible Quantit\u00e9 minimale de commande\u00a0: 100\u00a0000 pi\u00e8ces D\u00e9lai de livraison\u00a0: 30 \u00e0 [&hellip;]<\/p>\n","protected":false},"featured_media":2063,"template":"","meta":{"_acf_changed":false},"product-category":[30],"class_list":["post-1683","product","type-product","status-publish","has-post-thumbnail","hentry","product-category-autre"],"acf":[],"_links":{"self":[{"href":"https:\/\/www.carrytableware.com\/fr\/wp-json\/wp\/v2\/product\/1683","targetHints":{"allow":["GET"]}}],"collection":[{"href":"https:\/\/www.carrytableware.com\/fr\/wp-json\/wp\/v2\/product"}],"about":[{"href":"https:\/\/www.carrytableware.com\/fr\/wp-json\/wp\/v2\/types\/product"}],"wp:featuredmedia":[{"embeddable":true,"href":"https:\/\/www.carrytableware.com\/fr\/wp-json\/wp\/v2\/media\/2063"}],"wp:attachment":[{"href":"https:\/\/www.carrytableware.com\/fr\/wp-json\/wp\/v2\/media?parent=1683"}],"wp:term":[{"taxonomy":"product-category","embeddable":true,"href":"https:\/\/www.carrytableware.com\/fr\/wp-json\/wp\/v2\/product-category?post=1683"}],"curies":[{"name":"wp","href":"https:\/\/api.w.org\/{rel}","templated":true}]}}