{"id":1710,"date":"2025-02-17T11:27:51","date_gmt":"2025-02-17T11:27:51","guid":{"rendered":"https:\/\/www.carrytableware.com\/fr\/?post_type=product&#038;p=1710"},"modified":"2025-03-18T08:51:56","modified_gmt":"2025-03-18T08:51:56","slug":"wooden-cutlery-set","status":"publish","type":"product","link":"https:\/\/www.carrytableware.com\/fr\/blog\/product\/wooden-cutlery-set\/","title":{"rendered":"Ensemble de couverts en bois"},"content":{"rendered":"<p>Ensemble de couverts en bois<br \/>\nUtilisation : M\u00e9nage, Pub, Restaurant, \u00c9picerie fine, H\u00f4tel<br \/>\nMat\u00e9riau : Bois<br \/>\nCouleur : Naturel<br \/>\nTaille : 16 cm ou personnalisation possible avec logo<br \/>\nEmballage : Plastique OPP\/papier<br \/>\nCaract\u00e9ristiques : \u00c9cologique, compostable<br \/>\nPoids : selon la taille<br \/>\nOEM\/ODM disponible<br \/>\nQuantit\u00e9 minimale de commande : 100\u00a0000 pi\u00e8ces<br \/>\nD\u00e9lai de livraison : 30 \u00e0 40 jours<br \/>\nConseils : Usage unique, 100 % \u00e9cologique et biod\u00e9gradable.<\/p>\n","protected":false},"excerpt":{"rendered":"<p>Ensemble de couverts en bois Utilisation : M\u00e9nage, Pub, Restaurant, \u00c9picerie fine, H\u00f4tel Mat\u00e9riau : Bois Couleur : Naturel Taille : 16 cm ou personnalisation possible avec logo Emballage : Plastique OPP\/papier Caract\u00e9ristiques : \u00c9cologique, compostable Poids : selon la taille OEM\/ODM disponible Quantit\u00e9 minimale de commande : 100\u00a0000 pi\u00e8ces D\u00e9lai de livraison : 30 [&hellip;]<\/p>\n","protected":false},"featured_media":2036,"template":"","meta":{"_acf_changed":false},"product-category":[31],"class_list":["post-1710","product","type-product","status-publish","has-post-thumbnail","hentry","product-category-couverts-bois"],"acf":[],"_links":{"self":[{"href":"https:\/\/www.carrytableware.com\/fr\/wp-json\/wp\/v2\/product\/1710","targetHints":{"allow":["GET"]}}],"collection":[{"href":"https:\/\/www.carrytableware.com\/fr\/wp-json\/wp\/v2\/product"}],"about":[{"href":"https:\/\/www.carrytableware.com\/fr\/wp-json\/wp\/v2\/types\/product"}],"wp:featuredmedia":[{"embeddable":true,"href":"https:\/\/www.carrytableware.com\/fr\/wp-json\/wp\/v2\/media\/2036"}],"wp:attachment":[{"href":"https:\/\/www.carrytableware.com\/fr\/wp-json\/wp\/v2\/media?parent=1710"}],"wp:term":[{"taxonomy":"product-category","embeddable":true,"href":"https:\/\/www.carrytableware.com\/fr\/wp-json\/wp\/v2\/product-category?post=1710"}],"curies":[{"name":"wp","href":"https:\/\/api.w.org\/{rel}","templated":true}]}}