{"id":1729,"date":"2025-02-17T11:47:38","date_gmt":"2025-02-17T11:47:38","guid":{"rendered":"https:\/\/www.carrytableware.com\/fr\/?post_type=product&#038;p=1729"},"modified":"2025-03-18T08:47:39","modified_gmt":"2025-03-18T08:47:39","slug":"wooden-ice-cream-spoon","status":"publish","type":"product","link":"https:\/\/www.carrytableware.com\/fr\/blog\/product\/wooden-ice-cream-spoon\/","title":{"rendered":"Cuill\u00e8re \u00e0 glace en bois"},"content":{"rendered":"<p>Cuill\u00e8re \u00e0 glace en bois<br \/>\nApplication\u00a0: Maison, pub, restaurant, \u00e9picerie fine, h\u00f4tel<br \/>\nMat\u00e9riau\u00a0: Bois<br \/>\nCouleur\u00a0: Naturel<br \/>\nDimensions\u00a0: 2 x 11 x 93\u00a0mm, 2 x 17 x 93\u00a0mm, 1,35 x 11 x 75\u00a0mm, 1,35 x 17 x 75\u00a0mm ou personnalisation avec logo possible<br \/>\nEmballage\u00a0: Vrac, OPP, papier<br \/>\nCaract\u00e9ristiques\u00a0: \u00c9cologique, compostable<br \/>\nPoids\u00a0: selon la taille<br \/>\nOEM\/ODM disponible<br \/>\nQuantit\u00e9 minimale de commande\u00a0: 100\u00a0000 pi\u00e8ces<br \/>\nD\u00e9lai de livraison\u00a0: 30 \u00e0 40\u00a0jours<br \/>\nConseils\u00a0: Usage unique, 100\u00a0% \u00e9cologique et biod\u00e9gradable.<\/p>\n","protected":false},"excerpt":{"rendered":"<p>Cuill\u00e8re \u00e0 glace en bois Application\u00a0: Maison, pub, restaurant, \u00e9picerie fine, h\u00f4tel Mat\u00e9riau\u00a0: Bois Couleur\u00a0: Naturel Dimensions\u00a0: 2 x 11 x 93\u00a0mm, 2 x 17 x 93\u00a0mm, 1,35 x 11 x 75\u00a0mm, 1,35 x 17 x 75\u00a0mm ou personnalisation avec logo possible Emballage\u00a0: Vrac, OPP, papier Caract\u00e9ristiques\u00a0: \u00c9cologique, compostable Poids\u00a0: selon la taille OEM\/ODM disponible [&hellip;]<\/p>\n","protected":false},"featured_media":2024,"template":"","meta":{"_acf_changed":false},"product-category":[31],"class_list":["post-1729","product","type-product","status-publish","has-post-thumbnail","hentry","product-category-couverts-bois"],"acf":[],"_links":{"self":[{"href":"https:\/\/www.carrytableware.com\/fr\/wp-json\/wp\/v2\/product\/1729","targetHints":{"allow":["GET"]}}],"collection":[{"href":"https:\/\/www.carrytableware.com\/fr\/wp-json\/wp\/v2\/product"}],"about":[{"href":"https:\/\/www.carrytableware.com\/fr\/wp-json\/wp\/v2\/types\/product"}],"wp:featuredmedia":[{"embeddable":true,"href":"https:\/\/www.carrytableware.com\/fr\/wp-json\/wp\/v2\/media\/2024"}],"wp:attachment":[{"href":"https:\/\/www.carrytableware.com\/fr\/wp-json\/wp\/v2\/media?parent=1729"}],"wp:term":[{"taxonomy":"product-category","embeddable":true,"href":"https:\/\/www.carrytableware.com\/fr\/wp-json\/wp\/v2\/product-category?post=1729"}],"curies":[{"name":"wp","href":"https:\/\/api.w.org\/{rel}","templated":true}]}}