{"id":1733,"date":"2025-02-17T11:50:16","date_gmt":"2025-02-17T11:50:16","guid":{"rendered":"https:\/\/www.carrytableware.com\/fr\/?post_type=product&#038;p=1733"},"modified":"2025-03-18T08:47:02","modified_gmt":"2025-03-18T08:47:02","slug":"wooden-toothpicks-in-bottles","status":"publish","type":"product","link":"https:\/\/www.carrytableware.com\/fr\/blog\/product\/wooden-toothpicks-in-bottles\/","title":{"rendered":"Cure-dents en bois dans des bouteilles"},"content":{"rendered":"<p>Cure-dents en bois<br \/>\nApplication\u00a0: Maison, pub, restaurant, \u00e9picerie fine, h\u00f4tel<br \/>\nMat\u00e9riau\u00a0: Bois<br \/>\nCouleur\u00a0: Naturel<br \/>\nDimensions\u00a0: 2 x 65\u00a0mm ou sur mesure<br \/>\nEmballage\u00a0: Bouteille\/bo\u00eete\u00a0: Plastique\/papier<br \/>\nCaract\u00e9ristiques\u00a0: \u00c9cologique, compostable<br \/>\nPoids\u00a0: selon la taille<br \/>\nOEM\/ODM disponible<br \/>\nQuantit\u00e9 minimale de commande\u00a0: 100\u00a0000 pi\u00e8ces<br \/>\nD\u00e9lai de livraison\u00a0: 30 \u00e0 40\u00a0jours<br \/>\nConseils\u00a0: Usage unique, 100\u00a0% \u00e9cologique et biod\u00e9gradable.<\/p>\n","protected":false},"excerpt":{"rendered":"<p>Cure-dents en bois Application\u00a0: Maison, pub, restaurant, \u00e9picerie fine, h\u00f4tel Mat\u00e9riau\u00a0: Bois Couleur\u00a0: Naturel Dimensions\u00a0: 2 x 65\u00a0mm ou sur mesure Emballage\u00a0: Bouteille\/bo\u00eete\u00a0: Plastique\/papier Caract\u00e9ristiques\u00a0: \u00c9cologique, compostable Poids\u00a0: selon la taille OEM\/ODM disponible Quantit\u00e9 minimale de commande\u00a0: 100\u00a0000 pi\u00e8ces D\u00e9lai de livraison\u00a0: 30 \u00e0 40\u00a0jours Conseils\u00a0: Usage unique, 100\u00a0% \u00e9cologique et biod\u00e9gradable.<\/p>\n","protected":false},"featured_media":2021,"template":"","meta":{"_acf_changed":false},"product-category":[33],"class_list":["post-1733","product","type-product","status-publish","has-post-thumbnail","hentry","product-category-autre-bois"],"acf":[],"_links":{"self":[{"href":"https:\/\/www.carrytableware.com\/fr\/wp-json\/wp\/v2\/product\/1733","targetHints":{"allow":["GET"]}}],"collection":[{"href":"https:\/\/www.carrytableware.com\/fr\/wp-json\/wp\/v2\/product"}],"about":[{"href":"https:\/\/www.carrytableware.com\/fr\/wp-json\/wp\/v2\/types\/product"}],"wp:featuredmedia":[{"embeddable":true,"href":"https:\/\/www.carrytableware.com\/fr\/wp-json\/wp\/v2\/media\/2021"}],"wp:attachment":[{"href":"https:\/\/www.carrytableware.com\/fr\/wp-json\/wp\/v2\/media?parent=1733"}],"wp:term":[{"taxonomy":"product-category","embeddable":true,"href":"https:\/\/www.carrytableware.com\/fr\/wp-json\/wp\/v2\/product-category?post=1733"}],"curies":[{"name":"wp","href":"https:\/\/api.w.org\/{rel}","templated":true}]}}